{"id":109,"date":"2023-05-22T11:33:24","date_gmt":"2023-05-22T09:33:24","guid":{"rendered":"https:\/\/assistenz.pxbox.eu\/?page_id=109"},"modified":"2023-07-16T20:35:11","modified_gmt":"2023-07-16T18:35:11","slug":"impressum-und-kontakt","status":"publish","type":"page","link":"https:\/\/assistenz-erklaert.de\/de\/impressum-und-kontakt\/","title":{"rendered":"Impressum und Kontakt"},"content":{"rendered":"\n<p>W\u00fcSL \u2013 Selbstbestimmt Leben W\u00fcrzburg e.V.<br>Spiegelstra\u00dfe 15-17<br>97070 W\u00fcrzburg<\/p>\n\n\n\n<p>Telefon: 0931 50454<br>E-Mail: <a href=\"mailto:info@wuesl.de\">info@wuesl.de<\/a><br>Internet: <a href=\"https:\/\/www.wuesl.de\">www.wuesl.de<\/a><\/p>\n\n\n\n<p><strong>Vertretungsberechtigte Vorst\u00e4nde<\/strong>:<br>Monika Bach, Ulrich Lorey<\/p>\n\n\n\n<p><strong>Registergericht:<\/strong><br>Amtsgericht W\u00fcrzburg<br>Registernummer: 1628<\/p>\n\n\n\n<p><strong>Inhaltlich Verantwortlicher gem\u00e4\u00df \u00a7 6 MDStV:<\/strong> Ulrich Lorey<\/p>\n\n\n\n<p><strong>Haftungshinweis:<\/strong><br>Trotz sorgf\u00e4ltiger inhaltlicher Kontrolle \u00fcbernehmen wir keine Haftung f\u00fcr die Inhalte externer Links. F\u00fcr den Inhalt der verlinkten Seiten sind ausschlie\u00dflich deren Betreiber verantwortlich.<\/p>\n","protected":false},"excerpt":{"rendered":"<div class=\"entry-summary\">\nW\u00fcSL \u2013 Selbstbestimmt Leben W\u00fcrzburg e.V.Spiegelstra\u00dfe 15-1797070 W\u00fcrzburg Telefon: 0931 50454E-Mail: info@wuesl.deInternet: www.wuesl.de Vertretungsberechtigte Vorst\u00e4nde:Monika Bach, Ulrich Lorey Registergericht:Amtsgericht W\u00fcrzburgRegisternummer: 1628 Inhaltlich Verantwortlicher gem\u00e4\u00df \u00a7 6 MDStV: Ulrich Lorey Haftungshinweis:Trotz sorgf\u00e4ltiger inhaltlicher Kontrolle \u00fcbernehmen wir keine Haftung f\u00fcr die Inhalte&hellip;\n<\/div>\n<div class=\"link-more\"><a href=\"https:\/\/assistenz-erklaert.de\/de\/impressum-und-kontakt\/\" class=\"more-link\">Continue reading<span class=\"screen-reader-text\"> &ldquo;Impressum und Kontakt&rdquo;<\/span>&hellip;<\/a><\/div>\n","protected":false},"author":1,"featured_media":0,"parent":0,"menu_order":4,"comment_status":"closed","ping_status":"closed","template":"","meta":{"_acf_changed":false,"_de_post_content":"<!-- wp:paragraph -->\n<p>W\u00fcSL \u2013 Selbstbestimmt Leben W\u00fcrzburg e.V.<br>Spiegelstra\u00dfe 15-17<br>97070 W\u00fcrzburg<\/p>\n<!-- \/wp:paragraph -->\n\n<!-- wp:paragraph -->\n<p>Telefon: 0931 50454<br>E-Mail: <a href=\"mailto:info@wuesl.de\">info@wuesl.de<\/a><br>Internet: <a href=\"https:\/\/www.wuesl.de\">www.wuesl.de<\/a><\/p>\n<!-- \/wp:paragraph -->\n\n<!-- wp:paragraph -->\n<p><strong>Vertretungsberechtigte Vorst\u00e4nde<\/strong>:<br>Monika Bach, Ulrich Lorey<\/p>\n<!-- \/wp:paragraph -->\n\n<!-- wp:paragraph -->\n<p><strong>Registergericht:<\/strong><br>Amtsgericht W\u00fcrzburg<br>Registernummer: 1628<\/p>\n<!-- \/wp:paragraph -->\n\n<!-- wp:paragraph -->\n<p><strong>Inhaltlich Verantwortlicher gem\u00e4\u00df \u00a7 6 MDStV:<\/strong> Ulrich Lorey<\/p>\n<!-- \/wp:paragraph -->\n\n<!-- wp:paragraph -->\n<p><strong>Haftungshinweis:<\/strong><br>Trotz sorgf\u00e4ltiger inhaltlicher Kontrolle \u00fcbernehmen wir keine Haftung f\u00fcr die Inhalte externer Links. F\u00fcr den Inhalt der verlinkten Seiten sind ausschlie\u00dflich deren Betreiber verantwortlich.<\/p>\n<!-- \/wp:paragraph -->","_de_post_name":"impressum-und-kontakt","_de_post_excerpt":"","_de_post_title":"Impressum und Kontakt","edit_language":"de","footnotes":""},"acf":[],"_links":{"self":[{"href":"https:\/\/assistenz-erklaert.de\/de\/wp-json\/wp\/v2\/pages\/109"}],"collection":[{"href":"https:\/\/assistenz-erklaert.de\/de\/wp-json\/wp\/v2\/pages"}],"about":[{"href":"https:\/\/assistenz-erklaert.de\/de\/wp-json\/wp\/v2\/types\/page"}],"author":[{"embeddable":true,"href":"https:\/\/assistenz-erklaert.de\/de\/wp-json\/wp\/v2\/users\/1"}],"replies":[{"embeddable":true,"href":"https:\/\/assistenz-erklaert.de\/de\/wp-json\/wp\/v2\/comments?post=109"}],"version-history":[{"count":2,"href":"https:\/\/assistenz-erklaert.de\/de\/wp-json\/wp\/v2\/pages\/109\/revisions"}],"predecessor-version":[{"id":2193,"href":"https:\/\/assistenz-erklaert.de\/de\/wp-json\/wp\/v2\/pages\/109\/revisions\/2193"}],"wp:attachment":[{"href":"https:\/\/assistenz-erklaert.de\/de\/wp-json\/wp\/v2\/media?parent=109"}],"curies":[{"name":"wp","href":"https:\/\/api.w.org\/{rel}","templated":true}]}}