{"id":159,"date":"2023-06-19T08:52:41","date_gmt":"2023-06-19T06:52:41","guid":{"rendered":"https:\/\/assistenz.pxbox.eu\/?page_id=159"},"modified":"2023-07-16T21:55:34","modified_gmt":"2023-07-16T19:55:34","slug":"wie-wird-persoenliche-assistenz-bezahlt","status":"publish","type":"page","link":"https:\/\/assistenz-erklaert.de\/de\/assistenznehmer-2\/wie-wird-persoenliche-assistenz-bezahlt\/","title":{"rendered":"Wie wird pers\u00f6nliche Assistenz finanziert?"},"content":{"rendered":"\n<p>In Deutschland gibt es verschiedene Institutionen f\u00fcr die \u00dcbernahme der Finanzierung der pers\u00f6nlichen Assistenz. Diese Institutionen werden als Leistungstr\u00e4ger bezeichnet, fr\u00fcher als Kostentr\u00e4ger. Welcher Leistungstr\u00e4ger die Kosten \u00fcbernimmt, h\u00e4ngt von der individuellen Situation einer Person ab und davon, welche Art von Assistenzleistungen ben\u00f6tigt werden. Zum Beispiel k\u00f6nnen die Bundesagentur f\u00fcr Arbeit oder das Integrationsamt die Kosten f\u00fcr Arbeitsassistenz tragen, w\u00e4hrend der Tr\u00e4ger der Eingliederungshilfe in der Regel die Kosten f\u00fcr Elternassistenz von Eltern mit Behinderungen \u00fcbernimmt.<\/p>\n\n\n\n<figure class=\"wp-block-image size-full\"><img loading=\"lazy\" decoding=\"async\" width=\"800\" height=\"2000\" src=\"https:\/\/assistenz.pxbox.eu\/wp-content\/uploads\/2023\/07\/Die-2-Moeglichkeiten-fuer-persoenliche-Assistenz-1.png\" alt=\"\" class=\"wp-image-251\" srcset=\"https:\/\/assistenz-erklaert.de\/wp-content\/uploads\/2023\/07\/Die-2-Moeglichkeiten-fuer-persoenliche-Assistenz-1.png 800w, https:\/\/assistenz-erklaert.de\/wp-content\/uploads\/2023\/07\/Die-2-Moeglichkeiten-fuer-persoenliche-Assistenz-1-120x300.png 120w, https:\/\/assistenz-erklaert.de\/wp-content\/uploads\/2023\/07\/Die-2-Moeglichkeiten-fuer-persoenliche-Assistenz-1-410x1024.png 410w, https:\/\/assistenz-erklaert.de\/wp-content\/uploads\/2023\/07\/Die-2-Moeglichkeiten-fuer-persoenliche-Assistenz-1-768x1920.png 768w, https:\/\/assistenz-erklaert.de\/wp-content\/uploads\/2023\/07\/Die-2-Moeglichkeiten-fuer-persoenliche-Assistenz-1-614x1536.png 614w\" sizes=\"(max-width: 800px) 100vw, 800px\" \/><\/figure>\n\n\n\n<h2><p>Es gibt verschiedene Leistungstr\u00e4ger:<\/p><\/h2>\n\n\n\n<ul>\n<li>Der Tr\u00e4ger der Eingliederungshilfe<\/li>\n\n\n\n<li>Die Pflegeversicherung<\/li>\n\n\n\n<li>Die Krankenkasse<\/li>\n\n\n\n<li>Die Rentenversicherung<\/li>\n\n\n\n<li>Die Unfallversicherung<\/li>\n\n\n\n<li>Das Integrationsamt<\/li>\n\n\n\n<li>Die Bundesagentur f\u00fcr Arbeit<\/li>\n\n\n\n<li>Das Jugendamt<\/li>\n\n\n\n<li>Das Sozialamt<\/li>\n\n\n\n<li>Das Versorgungsamt<\/li>\n<\/ul>\n\n\n\n<h2><p><strong>Es gibt zwei M\u00f6glichkeiten f\u00fcr pers\u00f6nliche Assistenz:<\/strong><\/p><\/h2>\n\n\n\n<ol>\n<li>Man kann die <strong>Assistenz als Sachleistung beziehen<\/strong>, zum Beispiel durch die Unterst\u00fctzung eines Pflegedienstes. In diesem Fall muss man sich nicht um die Organisation und Bezahlung der Assistenz k\u00fcmmern, da dies der Leistungstr\u00e4ger \u00fcbernimmt.<br>\u00dcber unsere <a rel=\"noreferrer noopener\" href=\"https:\/\/assistenz-erklaert.de\/de\/vernetzung\/vernetzungskarte\/\" target=\"_blank\">Vernetzungskarte<\/a> kannst du regionale Anlaufstellen f\u00fcr Beratung zu Pflegediensten finden.<br><\/li>\n\n\n\n<li>Man kann die <strong>Assistenz mit dem <a href=\"https:\/\/assistenz.pxbox.eu\/alles-rund-um-das-persoenliche-budget\/\">Pers\u00f6nlichen Budget<\/a><\/strong><a href=\"https:\/\/assistenz.pxbox.eu\/alles-rund-um-das-persoenliche-budget\/\"> <\/a>selbst bezahlen. Das Pers\u00f6nliche Budget ist eine finanzielle Leistung, mit der man selbst Assistentinnen und Assistenten einstellen und bezahlen kann. Man selbst entscheidet dann, wer f\u00fcr einen arbeitet und wann. Au\u00dferdem tr\u00e4gt man selbst die Verantwortung f\u00fcr die Bezahlung der Assistentinnen und Assistenten. Es ist jedoch nur m\u00f6glich, das Pers\u00f6nliche Budget zu erhalten, wenn man Anspruch auf Teilhabeleistungen hat. Wenn man sich f\u00fcr das Pers\u00f6nliche Budget entscheidet, ist es ratsam, sich vorher beraten zu lassen.<\/li>\n<\/ol>\n","protected":false},"excerpt":{"rendered":"<div class=\"entry-summary\">\nIn Deutschland gibt es verschiedene Institutionen f\u00fcr die \u00dcbernahme der Finanzierung der pers\u00f6nlichen Assistenz. Diese Institutionen werden als Leistungstr\u00e4ger bezeichnet, fr\u00fcher als Kostentr\u00e4ger. Welcher Leistungstr\u00e4ger die Kosten \u00fcbernimmt, h\u00e4ngt von der individuellen Situation einer Person ab und davon, welche Art&hellip;\n<\/div>\n<div class=\"link-more\"><a href=\"https:\/\/assistenz-erklaert.de\/de\/assistenznehmer-2\/wie-wird-persoenliche-assistenz-bezahlt\/\" class=\"more-link\">Continue reading<span class=\"screen-reader-text\"> &ldquo;Wie wird pers\u00f6nliche Assistenz finanziert?&rdquo;<\/span>&hellip;<\/a><\/div>\n","protected":false},"author":1,"featured_media":0,"parent":47,"menu_order":0,"comment_status":"closed","ping_status":"closed","template":"","meta":{"_acf_changed":false,"_de_post_content":"<!-- wp:paragraph -->\n<p>In Deutschland gibt es verschiedene Institutionen f\u00fcr die \u00dcbernahme der Finanzierung der pers\u00f6nlichen Assistenz. Diese Institutionen werden als Leistungstr\u00e4ger bezeichnet, fr\u00fcher als Kostentr\u00e4ger. Welcher Leistungstr\u00e4ger die Kosten \u00fcbernimmt, h\u00e4ngt von der individuellen Situation einer Person ab und davon, welche Art von Assistenzleistungen ben\u00f6tigt werden. Zum Beispiel k\u00f6nnen die Bundesagentur f\u00fcr Arbeit oder das Integrationsamt die Kosten f\u00fcr Arbeitsassistenz tragen, w\u00e4hrend der Tr\u00e4ger der Eingliederungshilfe in der Regel die Kosten f\u00fcr Elternassistenz von Eltern mit Behinderungen \u00fcbernimmt.<\/p>\n<!-- \/wp:paragraph -->\n\n<!-- wp:image {\"id\":251,\"sizeSlug\":\"full\",\"linkDestination\":\"none\"} -->\n<figure class=\"wp-block-image size-full\"><img src=\"https:\/\/assistenz.pxbox.eu\/wp-content\/uploads\/2023\/07\/Die-2-Moeglichkeiten-fuer-persoenliche-Assistenz-1.png\" alt=\"\" class=\"wp-image-251\"\/><\/figure>\n<!-- \/wp:image -->\n\n<!-- wp:html -->\n<h2><p>Es gibt verschiedene Leistungstr\u00e4ger:<\/p><\/h2>\n<!-- \/wp:html -->\n\n<!-- wp:list -->\n<ul><!-- wp:list-item -->\n<li>Der Tr\u00e4ger der Eingliederungshilfe<\/li>\n<!-- \/wp:list-item -->\n\n<!-- wp:list-item -->\n<li>Die Pflegeversicherung<\/li>\n<!-- \/wp:list-item -->\n\n<!-- wp:list-item -->\n<li>Die Krankenkasse<\/li>\n<!-- \/wp:list-item -->\n\n<!-- wp:list-item -->\n<li>Die Rentenversicherung<\/li>\n<!-- \/wp:list-item -->\n\n<!-- wp:list-item -->\n<li>Die Unfallversicherung<\/li>\n<!-- \/wp:list-item -->\n\n<!-- wp:list-item -->\n<li>Das Integrationsamt<\/li>\n<!-- \/wp:list-item -->\n\n<!-- wp:list-item -->\n<li>Die Bundesagentur f\u00fcr Arbeit<\/li>\n<!-- \/wp:list-item -->\n\n<!-- wp:list-item -->\n<li>Das Jugendamt<\/li>\n<!-- \/wp:list-item -->\n\n<!-- wp:list-item -->\n<li>Das Sozialamt<\/li>\n<!-- \/wp:list-item -->\n\n<!-- wp:list-item -->\n<li>Das Versorgungsamt<\/li>\n<!-- \/wp:list-item --><\/ul>\n<!-- \/wp:list -->\n\n<!-- wp:html -->\n<h2><p><strong>Es gibt zwei M\u00f6glichkeiten f\u00fcr pers\u00f6nliche Assistenz:<\/strong><\/p><\/h2>\n<!-- \/wp:html -->\n\n<!-- wp:list {\"ordered\":true} -->\n<ol><!-- wp:list-item -->\n<li>Man kann die <strong>Assistenz als Sachleistung beziehen<\/strong>, zum Beispiel durch die Unterst\u00fctzung eines Pflegedienstes. In diesem Fall muss man sich nicht um die Organisation und Bezahlung der Assistenz k\u00fcmmern, da dies der Leistungstr\u00e4ger \u00fcbernimmt.<br>\u00dcber unsere <a rel=\"noreferrer noopener\" href=\"https:\/\/assistenz-erklaert.de\/de\/vernetzung\/vernetzungskarte\/\" target=\"_blank\">Vernetzungskarte<\/a> kannst du regionale Anlaufstellen f\u00fcr Beratung zu Pflegediensten finden.<br><\/li>\n<!-- \/wp:list-item -->\n\n<!-- wp:list-item -->\n<li>Man kann die <strong>Assistenz mit dem <a href=\"https:\/\/assistenz.pxbox.eu\/alles-rund-um-das-persoenliche-budget\/\">Pers\u00f6nlichen Budget<\/a><\/strong><a href=\"https:\/\/assistenz.pxbox.eu\/alles-rund-um-das-persoenliche-budget\/\"> <\/a>selbst bezahlen. Das Pers\u00f6nliche Budget ist eine finanzielle Leistung, mit der man selbst Assistentinnen und Assistenten einstellen und bezahlen kann. Man selbst entscheidet dann, wer f\u00fcr einen arbeitet und wann. Au\u00dferdem tr\u00e4gt man selbst die Verantwortung f\u00fcr die Bezahlung der Assistentinnen und Assistenten. Es ist jedoch nur m\u00f6glich, das Pers\u00f6nliche Budget zu erhalten, wenn man Anspruch auf Teilhabeleistungen hat. Wenn man sich f\u00fcr das Pers\u00f6nliche Budget entscheidet, ist es ratsam, sich vorher beraten zu lassen.<\/li>\n<!-- \/wp:list-item --><\/ol>\n<!-- \/wp:list -->","_de_post_name":"wie-wird-persoenliche-assistenz-bezahlt","_de_post_excerpt":"","_de_post_title":"Wie wird pers\u00f6nliche Assistenz finanziert?","edit_language":"de","footnotes":""},"acf":[],"_links":{"self":[{"href":"https:\/\/assistenz-erklaert.de\/de\/wp-json\/wp\/v2\/pages\/159"}],"collection":[{"href":"https:\/\/assistenz-erklaert.de\/de\/wp-json\/wp\/v2\/pages"}],"about":[{"href":"https:\/\/assistenz-erklaert.de\/de\/wp-json\/wp\/v2\/types\/page"}],"author":[{"embeddable":true,"href":"https:\/\/assistenz-erklaert.de\/de\/wp-json\/wp\/v2\/users\/1"}],"replies":[{"embeddable":true,"href":"https:\/\/assistenz-erklaert.de\/de\/wp-json\/wp\/v2\/comments?post=159"}],"version-history":[{"count":2,"href":"https:\/\/assistenz-erklaert.de\/de\/wp-json\/wp\/v2\/pages\/159\/revisions"}],"predecessor-version":[{"id":2160,"href":"https:\/\/assistenz-erklaert.de\/de\/wp-json\/wp\/v2\/pages\/159\/revisions\/2160"}],"up":[{"embeddable":true,"href":"https:\/\/assistenz-erklaert.de\/de\/wp-json\/wp\/v2\/pages\/47"}],"wp:attachment":[{"href":"https:\/\/assistenz-erklaert.de\/de\/wp-json\/wp\/v2\/media?parent=159"}],"curies":[{"name":"wp","href":"https:\/\/api.w.org\/{rel}","templated":true}]}}