{"id":2231,"date":"2024-05-23T15:49:11","date_gmt":"2024-05-23T13:49:11","guid":{"rendered":"https:\/\/assistenz-erklaert.de\/de\/?page_id=2231"},"modified":"2024-07-03T12:20:34","modified_gmt":"2024-07-03T10:20:34","slug":"welcome","status":"publish","type":"page","link":"https:\/\/assistenz-erklaert.de\/de\/","title":{"rendered":"Willkommen bei Assistenz erkl\u00e4rt!"},"content":{"rendered":"\n<p><strong>Was ist eine Assistenz \u00fcberhaupt? <\/strong><br>Eine Pers\u00f6nliche Assistenz unterst\u00fctzt Menschen mit Behinderung individuell, je nach ihren Bed\u00fcrfnissen, im Alltag. Diese Unterst\u00fctzung erm\u00f6glicht es den Menschen mit Behinderung ein selbstbestimmtes Leben zu f\u00fchren und z.B. nicht an feste Zeiten in Wohnheimen gebunden zu sein.<\/p>\n\n\n\n<p>Aus Sicht der Assistenz bedeutet Pers\u00f6nliche Assistenz, einer Person bei verschiedenen Aufgaben und Aktivit\u00e4ten zu helfen, die sie alleine nicht oder nur schwer bew\u00e4ltigen kann. Als Pers\u00f6nliche Assistenz bist du daf\u00fcr da, die Bed\u00fcrfnisse und W\u00fcnsche der unterst\u00fctzten Person zu verstehen und ihr bei allt\u00e4glichen Aufgaben zur Seite zu stehen.<\/p>\n\n\n\n<p class=\"has-text-align-left\">Die Aufgaben k\u00f6nnen vielf\u00e4ltig sein. Zum Beispiel die Begleitung zu Terminen, die Unterst\u00fctzung im Haushalt und die Hilfe bei der K\u00f6rperpflege. Der Arbeitstag ergibt sich also aus den individuellen Bed\u00fcrfnissen der unterst\u00fctzten Person. Du solltest in der Lage sein, klar mit der Person zu kommunizieren, ihre Vorlieben und Grenzen zu respektieren und eine vertrauensvolle Beziehung aufzubauen.<\/p>\n\n\n\n<div class=\"button-container\">\n    <a href=\"https:\/\/assistenz-erklaert.de\/de\/assistenzgeber\/\" class=\"mein-button\">Mehr Informationen zum Thema Pers\u00f6nliche Assistenz<\/a>\n    <a href=\"https:\/\/assistenz-erklaert.de\/de\/vernetzung\/\" class=\"mein-button\">Selbst Pers\u00f6nliche Assistenz werden<\/a>\n<\/div>\n","protected":false},"excerpt":{"rendered":"<div class=\"entry-summary\">\nWas ist eine Assistenz \u00fcberhaupt? Eine Pers\u00f6nliche Assistenz unterst\u00fctzt Menschen mit Behinderung individuell, je nach ihren Bed\u00fcrfnissen, im Alltag. Diese Unterst\u00fctzung erm\u00f6glicht es den Menschen mit Behinderung ein selbstbestimmtes Leben zu f\u00fchren und z.B. nicht an feste Zeiten in Wohnheimen&hellip;\n<\/div>\n<div class=\"link-more\"><a href=\"https:\/\/assistenz-erklaert.de\/de\/\" class=\"more-link\">Continue reading<span class=\"screen-reader-text\"> &ldquo;Willkommen bei Assistenz erkl\u00e4rt!&rdquo;<\/span>&hellip;<\/a><\/div>\n","protected":false},"author":1,"featured_media":0,"parent":0,"menu_order":0,"comment_status":"closed","ping_status":"closed","template":"","meta":{"_acf_changed":false,"_de_post_content":"<!-- wp:paragraph -->\n<p><strong>Was ist eine Assistenz \u00fcberhaupt? <\/strong><br>Eine Pers\u00f6nliche Assistenz unterst\u00fctzt Menschen mit Behinderung individuell, je nach ihren Bed\u00fcrfnissen, im Alltag. Diese Unterst\u00fctzung erm\u00f6glicht es den Menschen mit Behinderung ein selbstbestimmtes Leben zu f\u00fchren und z.B. nicht an feste Zeiten in Wohnheimen gebunden zu sein.<\/p>\n<!-- \/wp:paragraph -->\n\n<!-- wp:paragraph -->\n<p>Aus Sicht der Assistenz bedeutet Pers\u00f6nliche Assistenz, einer Person bei verschiedenen Aufgaben und Aktivit\u00e4ten zu helfen, die sie alleine nicht oder nur schwer bew\u00e4ltigen kann. Als Pers\u00f6nliche Assistenz bist du daf\u00fcr da, die Bed\u00fcrfnisse und W\u00fcnsche der unterst\u00fctzten Person zu verstehen und ihr bei allt\u00e4glichen Aufgaben zur Seite zu stehen.<\/p>\n<!-- \/wp:paragraph -->\n\n<!-- wp:paragraph {\"align\":\"left\"} -->\n<p class=\"has-text-align-left\">Die Aufgaben k\u00f6nnen vielf\u00e4ltig sein. Zum Beispiel die Begleitung zu Terminen, die Unterst\u00fctzung im Haushalt und die Hilfe bei der K\u00f6rperpflege. Der Arbeitstag ergibt sich also aus den individuellen Bed\u00fcrfnissen der unterst\u00fctzten Person. Du solltest in der Lage sein, klar mit der Person zu kommunizieren, ihre Vorlieben und Grenzen zu respektieren und eine vertrauensvolle Beziehung aufzubauen.<\/p>\n<!-- \/wp:paragraph -->\n\n<!-- wp:html -->\n<div class=\"button-container\">\n    <a href=\"https:\/\/assistenz-erklaert.de\/de\/assistenzgeber\/\" class=\"mein-button\">Mehr Informationen zum Thema Pers\u00f6nliche Assistenz<\/a>\n    <a href=\"https:\/\/assistenz-erklaert.de\/de\/vernetzung\/\" class=\"mein-button\">Selbst Pers\u00f6nliche Assistenz werden<\/a>\n<\/div>\n<!-- \/wp:html -->","_de_post_name":"welcome","_de_post_excerpt":"","_de_post_title":"Willkommen bei Assistenz erkl\u00e4rt!","edit_language":"de","footnotes":""},"acf":[],"_links":{"self":[{"href":"https:\/\/assistenz-erklaert.de\/de\/wp-json\/wp\/v2\/pages\/2231"}],"collection":[{"href":"https:\/\/assistenz-erklaert.de\/de\/wp-json\/wp\/v2\/pages"}],"about":[{"href":"https:\/\/assistenz-erklaert.de\/de\/wp-json\/wp\/v2\/types\/page"}],"author":[{"embeddable":true,"href":"https:\/\/assistenz-erklaert.de\/de\/wp-json\/wp\/v2\/users\/1"}],"replies":[{"embeddable":true,"href":"https:\/\/assistenz-erklaert.de\/de\/wp-json\/wp\/v2\/comments?post=2231"}],"version-history":[{"count":38,"href":"https:\/\/assistenz-erklaert.de\/de\/wp-json\/wp\/v2\/pages\/2231\/revisions"}],"predecessor-version":[{"id":2560,"href":"https:\/\/assistenz-erklaert.de\/de\/wp-json\/wp\/v2\/pages\/2231\/revisions\/2560"}],"wp:attachment":[{"href":"https:\/\/assistenz-erklaert.de\/de\/wp-json\/wp\/v2\/media?parent=2231"}],"curies":[{"name":"wp","href":"https:\/\/api.w.org\/{rel}","templated":true}]}}