{"id":2319,"date":"2024-07-01T19:23:44","date_gmt":"2024-07-01T17:23:44","guid":{"rendered":"https:\/\/assistenz-erklaert.de\/de\/?page_id=2319"},"modified":"2024-07-01T19:23:44","modified_gmt":"2024-07-01T17:23:44","slug":"vorausetzungen","status":"publish","type":"page","link":"https:\/\/assistenz-erklaert.de\/de\/assistenznehmer-2\/vorausetzungen\/","title":{"rendered":"Voraussetzungen f\u00fcr Pers\u00f6nliche Assistenz"},"content":{"rendered":"\n<figure class=\"wp-block-image size-full\"><img loading=\"lazy\" decoding=\"async\" width=\"800\" height=\"383\" src=\"https:\/\/assistenz.pxbox.eu\/wp-content\/uploads\/2023\/07\/Die-voraussetzungen-fuer-persoenliche-assistenz-sind.png\" alt=\"\" class=\"wp-image-254\" srcset=\"https:\/\/assistenz-erklaert.de\/wp-content\/uploads\/2023\/07\/Die-voraussetzungen-fuer-persoenliche-assistenz-sind.png 800w, https:\/\/assistenz-erklaert.de\/wp-content\/uploads\/2023\/07\/Die-voraussetzungen-fuer-persoenliche-assistenz-sind-300x144.png 300w, https:\/\/assistenz-erklaert.de\/wp-content\/uploads\/2023\/07\/Die-voraussetzungen-fuer-persoenliche-assistenz-sind-768x368.png 768w\" sizes=\"(max-width: 800px) 100vw, 800px\" \/><\/figure>\n\n\n\n<h2><p>Welche Voraussetzungen m\u00fcssen erf\u00fcllt sein, damit Pers\u00f6nliche Assistenz bezogen werden kann?<\/p><\/h2>\n\n\n\n<p>In Deutschland kann die Pers\u00f6nliche Assistenz f\u00fcr Menschen mit Behinderungen \u00fcber verschiedene Leistungen finanziert werden. Seit dem 01.01.2018 haben Menschen mit Behinderung grunds\u00e4tzlich Anspruch auf Assistenzdienstleistungen. Die wichtigsten rechtlichen Grundlagen daf\u00fcr sind das Sozialgesetzbuch (SGB) Neuntes Buch (IX) &#8211; Rehabilitation und Teilhabe behinderter Menschen sowie das Bundesteilhabegesetz (BTHG).&nbsp;<\/p>\n\n\n\n<p>Grunds\u00e4tzlich muss eine Person mit Behinderung einen entsprechenden <strong>Bedarf <\/strong>an Pers\u00f6nlicher Assistenz <strong>nachweisen <\/strong>k\u00f6nnen. Es muss nachgewiesen werden, dass die Assistenz erforderlich ist, um selbstbestimmt leben und am gesellschaftlichen Leben teilhaben zu k\u00f6nnen. In diesem Zusammenhang werden <strong>durch ein professionelles Gutachten<\/strong> die pers\u00f6nlichen Einschr\u00e4nkungen und der Unterst\u00fctzungsbedarf der betreffenden Person bewertet. Diese Bedarfsermittlung kann medizinische, therapeutische, soziale und psychologische Aspekte ber\u00fccksichtigen.<\/p>\n\n\n\n<p>Wie eine Bedarfsermittlung aussieht wurde vom <em>Forum selbstbestimmter Assistenz behinderter Menschen<\/em> (ForseA) einfach und anschaulich aufbereitet. <a rel=\"noreferrer noopener\" href=\"http:\/\/forsea.de\/content-768-bedarfsermittlung_praxis_und_menschengerecht.html\" target=\"_blank\">\u00dcber diesen Link gelangen Sie zur \u00dcbersicht.<\/a><\/p>\n\n\n\n<p>Dar\u00fcber hinaus, gibt es ein von der ForseA eigens entwickeltes Excel-Tool zur gerechten Bewertung des Bedarfs. <a href=\"http:\/\/www.forsea.de\/content\/content_beitrag.php?content_beitrag=101&amp;CHK_ID=87\" target=\"_blank\" rel=\"noreferrer noopener\">Hier gehts zum Excel-Tool.<\/a><\/p>\n\n\n\n<p><\/p>\n","protected":false},"excerpt":{"rendered":"<div class=\"entry-summary\">\nWelche Voraussetzungen m\u00fcssen erf\u00fcllt sein, damit Pers\u00f6nliche Assistenz bezogen werden kann? In Deutschland kann die Pers\u00f6nliche Assistenz f\u00fcr Menschen mit Behinderungen \u00fcber verschiedene Leistungen finanziert werden. Seit dem 01.01.2018 haben Menschen mit Behinderung grunds\u00e4tzlich Anspruch auf Assistenzdienstleistungen. Die wichtigsten rechtlichen&hellip;\n<\/div>\n<div class=\"link-more\"><a href=\"https:\/\/assistenz-erklaert.de\/de\/assistenznehmer-2\/vorausetzungen\/\" class=\"more-link\">Continue reading<span class=\"screen-reader-text\"> &ldquo;Voraussetzungen f\u00fcr Pers\u00f6nliche Assistenz&rdquo;<\/span>&hellip;<\/a><\/div>\n","protected":false},"author":1,"featured_media":0,"parent":47,"menu_order":0,"comment_status":"closed","ping_status":"closed","template":"","meta":{"_acf_changed":false,"_de_post_content":"<!-- wp:image {\"id\":254,\"sizeSlug\":\"full\",\"linkDestination\":\"none\"} -->\n<figure class=\"wp-block-image size-full\"><img src=\"https:\/\/assistenz.pxbox.eu\/wp-content\/uploads\/2023\/07\/Die-voraussetzungen-fuer-persoenliche-assistenz-sind.png\" alt=\"\" class=\"wp-image-254\"\/><\/figure>\n<!-- \/wp:image -->\n\n<!-- wp:html -->\n<h2><p>Welche Voraussetzungen m\u00fcssen erf\u00fcllt sein, damit Pers\u00f6nliche Assistenz bezogen werden kann?<\/p><\/h2>\n<!-- \/wp:html -->\n\n<!-- wp:paragraph -->\n<p>In Deutschland kann die Pers\u00f6nliche Assistenz f\u00fcr Menschen mit Behinderungen \u00fcber verschiedene Leistungen finanziert werden. Seit dem 01.01.2018 haben Menschen mit Behinderung grunds\u00e4tzlich Anspruch auf Assistenzdienstleistungen. Die wichtigsten rechtlichen Grundlagen daf\u00fcr sind das Sozialgesetzbuch (SGB) Neuntes Buch (IX) - Rehabilitation und Teilhabe behinderter Menschen sowie das Bundesteilhabegesetz (BTHG).&nbsp;<\/p>\n<!-- \/wp:paragraph -->\n\n<!-- wp:paragraph -->\n<p>Grunds\u00e4tzlich muss eine Person mit Behinderung einen entsprechenden <strong>Bedarf <\/strong>an Pers\u00f6nlicher Assistenz <strong>nachweisen <\/strong>k\u00f6nnen. Es muss nachgewiesen werden, dass die Assistenz erforderlich ist, um selbstbestimmt leben und am gesellschaftlichen Leben teilhaben zu k\u00f6nnen. In diesem Zusammenhang werden <strong>durch ein professionelles Gutachten<\/strong> die pers\u00f6nlichen Einschr\u00e4nkungen und der Unterst\u00fctzungsbedarf der betreffenden Person bewertet. Diese Bedarfsermittlung kann medizinische, therapeutische, soziale und psychologische Aspekte ber\u00fccksichtigen.<\/p>\n<!-- \/wp:paragraph -->\n\n<!-- wp:paragraph -->\n<p>Wie eine Bedarfsermittlung aussieht wurde vom <em>Forum selbstbestimmter Assistenz behinderter Menschen<\/em> (ForseA) einfach und anschaulich aufbereitet. <a rel=\"noreferrer noopener\" href=\"http:\/\/forsea.de\/content-768-bedarfsermittlung_praxis_und_menschengerecht.html\" target=\"_blank\">\u00dcber diesen Link gelangen Sie zur \u00dcbersicht.<\/a><\/p>\n<!-- \/wp:paragraph -->\n\n<!-- wp:paragraph -->\n<p>Dar\u00fcber hinaus, gibt es ein von der ForseA eigens entwickeltes Excel-Tool zur gerechten Bewertung des Bedarfs. <a href=\"http:\/\/www.forsea.de\/content\/content_beitrag.php?content_beitrag=101&amp;CHK_ID=87\" target=\"_blank\" rel=\"noreferrer noopener\">Hier gehts zum Excel-Tool.<\/a><\/p>\n<!-- \/wp:paragraph -->\n\n<!-- wp:paragraph -->\n<p><\/p>\n<!-- \/wp:paragraph -->","_de_post_name":"vorausetzungen","_de_post_excerpt":"","_de_post_title":"Voraussetzungen f\u00fcr Pers\u00f6nliche Assistenz","edit_language":"de","footnotes":""},"acf":[],"_links":{"self":[{"href":"https:\/\/assistenz-erklaert.de\/de\/wp-json\/wp\/v2\/pages\/2319"}],"collection":[{"href":"https:\/\/assistenz-erklaert.de\/de\/wp-json\/wp\/v2\/pages"}],"about":[{"href":"https:\/\/assistenz-erklaert.de\/de\/wp-json\/wp\/v2\/types\/page"}],"author":[{"embeddable":true,"href":"https:\/\/assistenz-erklaert.de\/de\/wp-json\/wp\/v2\/users\/1"}],"replies":[{"embeddable":true,"href":"https:\/\/assistenz-erklaert.de\/de\/wp-json\/wp\/v2\/comments?post=2319"}],"version-history":[{"count":7,"href":"https:\/\/assistenz-erklaert.de\/de\/wp-json\/wp\/v2\/pages\/2319\/revisions"}],"predecessor-version":[{"id":2554,"href":"https:\/\/assistenz-erklaert.de\/de\/wp-json\/wp\/v2\/pages\/2319\/revisions\/2554"}],"up":[{"embeddable":true,"href":"https:\/\/assistenz-erklaert.de\/de\/wp-json\/wp\/v2\/pages\/47"}],"wp:attachment":[{"href":"https:\/\/assistenz-erklaert.de\/de\/wp-json\/wp\/v2\/media?parent=2319"}],"curies":[{"name":"wp","href":"https:\/\/api.w.org\/{rel}","templated":true}]}}