{"id":2459,"date":"2024-07-06T17:44:51","date_gmt":"2024-07-06T15:44:51","guid":{"rendered":"https:\/\/assistenz-erklaert.de\/de\/?page_id=2459"},"modified":"2024-07-06T17:44:52","modified_gmt":"2024-07-06T15:44:52","slug":"unterschied-zu-anderen-pflegeberufen","status":"publish","type":"page","link":"https:\/\/assistenz-erklaert.de\/de\/assistenzgeber\/unterschied-zu-anderen-pflegeberufen\/","title":{"rendered":"Unterschied zu anderen Pflegeberufen"},"content":{"rendered":"\n<p><\/p>\n\n\n\n<p>Bei der pers\u00f6nlichen Assistenz hilfst du Menschen mit unterschiedlichen Unterst\u00fctzungsbed\u00fcrfnissen im Alltag. Hier sind einige wichtige Unterschiede zwischen der pers\u00f6nlichen Assistenz und anderen Pflegeberufen:<\/p>\n\n\n\n<ol>\n<li><strong>Rolle und Aufgaben:<\/strong> Als pers\u00f6nlicher Assistent oder pers\u00f6nliche Assistentin bist du darauf spezialisiert, Menschen mit Behinderungen oder eingeschr\u00e4nkter Mobilit\u00e4t im t\u00e4glichen Leben zu unterst\u00fctzen. Deine Hauptaufgabe besteht darin, die betroffene Person bei allt\u00e4glichen Aktivit\u00e4ten wie K\u00f6rperpflege, Ankleiden, Essen, Hausarbeit und Transport zu helfen. Du kannst auch bei der Organisation von Terminen, der Kommunikation oder der Freizeitgestaltung unterst\u00fctzen.<\/li>\n\n\n\n<li><strong>Medizinische Pflege:<\/strong> Im Gegensatz zu bestimmten Pflegeberufen, wie beispielsweise Krankenpfleger*innen, konzentrierst du dich in der pers\u00f6nlichen Assistenz nicht prim\u00e4r auf medizinische Versorgung oder Behandlungen. Du bist in der Regel nicht daf\u00fcr ausgebildet, Medikamente zu verabreichen oder komplexe medizinische Verfahren durchzuf\u00fchren.<\/li>\n\n\n\n<li><strong>Ausbildung und Zertifizierung:<\/strong> Die Anforderungen an die Ausbildung und Zertifizierung k\u00f6nnen je nach Land und Arbeitgeber*in variieren. In einigen F\u00e4llen kannst du als pers\u00f6nlicher Assistent spezifische Schulungen oder Kurse absolvieren, um deine Kenntnisse und F\u00e4higkeiten zu erweitern. Im Allgemeinen ist die Ausbildung jedoch weniger formell als bei anderen Pflegeberufen. Siehe auch <a href=\"https:\/\/assistenz.pxbox.eu\/qualifikation-und-weiterbildung\/\" data-type=\"URL\" data-id=\"https:\/\/assistenz.pxbox.eu\/qualifikation-und-weiterbildung\/\">Qualifizierungen<\/a>.<\/li>\n\n\n\n<li><strong>Arbeitsumfeld:<\/strong> Als pers\u00f6nliche Assistenz arbeitest du in der Regel direkt bei den Assistenznehmer*innen zu Hause oder in deren pers\u00f6nlicher Umgebung. Du bietest eine individuelle Betreuung und Unterst\u00fctzung, die auf die Bed\u00fcrfnisse und W\u00fcnsche der Person zugeschnitten ist. In anderen Pflegeberufen hingegen arbeitet man oft in Einrichtungen wie Krankenh\u00e4usern, Altenheimen oder Pflegeeinrichtungen.<\/li>\n<\/ol>\n\n\n\n<p>Eine weitere Auflistung zum Thema &#8222;Pflege und Assistenz&#8220; findest du <a href=\"https:\/\/www.assistenz.org\/pflege.html\">hier<\/a>. Sie beschreibt gleichzeitig die Vorteile f\u00fcr Assistenznehmer*innen gegen\u00fcber anderer Formen der Unterst\u00fctzung und betont dabei die M\u00f6glichkeit der Selbstbestimmung.<\/p>\n","protected":false},"excerpt":{"rendered":"<div class=\"entry-summary\">\nBei der pers\u00f6nlichen Assistenz hilfst du Menschen mit unterschiedlichen Unterst\u00fctzungsbed\u00fcrfnissen im Alltag. Hier sind einige wichtige Unterschiede zwischen der pers\u00f6nlichen Assistenz und anderen Pflegeberufen: Eine weitere Auflistung zum Thema &#8222;Pflege und Assistenz&#8220; findest du hier. Sie beschreibt gleichzeitig die Vorteile&hellip;\n<\/div>\n<div class=\"link-more\"><a href=\"https:\/\/assistenz-erklaert.de\/de\/assistenzgeber\/unterschied-zu-anderen-pflegeberufen\/\" class=\"more-link\">Continue reading<span class=\"screen-reader-text\"> &ldquo;Unterschied zu anderen Pflegeberufen&rdquo;<\/span>&hellip;<\/a><\/div>\n","protected":false},"author":1,"featured_media":0,"parent":93,"menu_order":0,"comment_status":"closed","ping_status":"closed","template":"","meta":{"_acf_changed":false,"_de_post_content":"<!-- wp:paragraph -->\n<p><\/p>\n<!-- \/wp:paragraph -->\n\n<!-- wp:paragraph -->\n<p>Bei der pers\u00f6nlichen Assistenz hilfst du Menschen mit unterschiedlichen Unterst\u00fctzungsbed\u00fcrfnissen im Alltag. Hier sind einige wichtige Unterschiede zwischen der pers\u00f6nlichen Assistenz und anderen Pflegeberufen:<\/p>\n<!-- \/wp:paragraph -->\n\n<!-- wp:list {\"ordered\":true} -->\n<ol><!-- wp:list-item -->\n<li><strong>Rolle und Aufgaben:<\/strong> Als pers\u00f6nlicher Assistent oder pers\u00f6nliche Assistentin bist du darauf spezialisiert, Menschen mit Behinderungen oder eingeschr\u00e4nkter Mobilit\u00e4t im t\u00e4glichen Leben zu unterst\u00fctzen. Deine Hauptaufgabe besteht darin, die betroffene Person bei allt\u00e4glichen Aktivit\u00e4ten wie K\u00f6rperpflege, Ankleiden, Essen, Hausarbeit und Transport zu helfen. Du kannst auch bei der Organisation von Terminen, der Kommunikation oder der Freizeitgestaltung unterst\u00fctzen.<\/li>\n<!-- \/wp:list-item -->\n\n<!-- wp:list-item -->\n<li><strong>Medizinische Pflege:<\/strong> Im Gegensatz zu bestimmten Pflegeberufen, wie beispielsweise Krankenpfleger*innen, konzentrierst du dich in der pers\u00f6nlichen Assistenz nicht prim\u00e4r auf medizinische Versorgung oder Behandlungen. Du bist in der Regel nicht daf\u00fcr ausgebildet, Medikamente zu verabreichen oder komplexe medizinische Verfahren durchzuf\u00fchren.<\/li>\n<!-- \/wp:list-item -->\n\n<!-- wp:list-item -->\n<li><strong>Ausbildung und Zertifizierung:<\/strong> Die Anforderungen an die Ausbildung und Zertifizierung k\u00f6nnen je nach Land und Arbeitgeber*in variieren. In einigen F\u00e4llen kannst du als pers\u00f6nlicher Assistent spezifische Schulungen oder Kurse absolvieren, um deine Kenntnisse und F\u00e4higkeiten zu erweitern. Im Allgemeinen ist die Ausbildung jedoch weniger formell als bei anderen Pflegeberufen. Siehe auch <a href=\"https:\/\/assistenz.pxbox.eu\/qualifikation-und-weiterbildung\/\" data-type=\"URL\" data-id=\"https:\/\/assistenz.pxbox.eu\/qualifikation-und-weiterbildung\/\">Qualifizierungen<\/a>.<\/li>\n<!-- \/wp:list-item -->\n\n<!-- wp:list-item -->\n<li><strong>Arbeitsumfeld:<\/strong> Als pers\u00f6nliche Assistenz arbeitest du in der Regel direkt bei den Assistenznehmer*innen zu Hause oder in deren pers\u00f6nlicher Umgebung. Du bietest eine individuelle Betreuung und Unterst\u00fctzung, die auf die Bed\u00fcrfnisse und W\u00fcnsche der Person zugeschnitten ist. In anderen Pflegeberufen hingegen arbeitet man oft in Einrichtungen wie Krankenh\u00e4usern, Altenheimen oder Pflegeeinrichtungen.<\/li>\n<!-- \/wp:list-item --><\/ol>\n<!-- \/wp:list -->\n\n<!-- wp:paragraph -->\n<p>Eine weitere Auflistung zum Thema \"Pflege und Assistenz\" findest du <a href=\"https:\/\/www.assistenz.org\/pflege.html\">hier<\/a>. Sie beschreibt gleichzeitig die Vorteile f\u00fcr Assistenznehmer*innen gegen\u00fcber anderer Formen der Unterst\u00fctzung und betont dabei die M\u00f6glichkeit der Selbstbestimmung.<\/p>\n<!-- \/wp:paragraph -->","_de_post_name":"unterschied-zu-anderen-pflegeberufen","_de_post_excerpt":"","_de_post_title":"Unterschied zu anderen Pflegeberufen","edit_language":"de","footnotes":""},"acf":[],"_links":{"self":[{"href":"https:\/\/assistenz-erklaert.de\/de\/wp-json\/wp\/v2\/pages\/2459"}],"collection":[{"href":"https:\/\/assistenz-erklaert.de\/de\/wp-json\/wp\/v2\/pages"}],"about":[{"href":"https:\/\/assistenz-erklaert.de\/de\/wp-json\/wp\/v2\/types\/page"}],"author":[{"embeddable":true,"href":"https:\/\/assistenz-erklaert.de\/de\/wp-json\/wp\/v2\/users\/1"}],"replies":[{"embeddable":true,"href":"https:\/\/assistenz-erklaert.de\/de\/wp-json\/wp\/v2\/comments?post=2459"}],"version-history":[{"count":5,"href":"https:\/\/assistenz-erklaert.de\/de\/wp-json\/wp\/v2\/pages\/2459\/revisions"}],"predecessor-version":[{"id":2599,"href":"https:\/\/assistenz-erklaert.de\/de\/wp-json\/wp\/v2\/pages\/2459\/revisions\/2599"}],"up":[{"embeddable":true,"href":"https:\/\/assistenz-erklaert.de\/de\/wp-json\/wp\/v2\/pages\/93"}],"wp:attachment":[{"href":"https:\/\/assistenz-erklaert.de\/de\/wp-json\/wp\/v2\/media?parent=2459"}],"curies":[{"name":"wp","href":"https:\/\/api.w.org\/{rel}","templated":true}]}}