{"id":2491,"date":"2024-07-01T15:39:31","date_gmt":"2024-07-01T13:39:31","guid":{"rendered":"https:\/\/assistenz-erklaert.de\/de\/?page_id=2491"},"modified":"2024-07-01T15:41:07","modified_gmt":"2024-07-01T13:41:07","slug":"wege-zur-persoenlichen-assistenz","status":"publish","type":"page","link":"https:\/\/assistenz-erklaert.de\/de\/wege-zur-persoenlichen-assistenz\/","title":{"rendered":"Wege zur Pers\u00f6nlichen Assistenz"},"content":{"rendered":"\n<p><\/p>\n\n\n\n<h2 class=\"wp-block-heading\">Es gibt zwei verschiedene M\u00f6glichkeiten Pers\u00f6nliche Assistenz in Anspruch zu nehmen:<\/h2>\n\n\n\n<h3 class=\"wp-block-heading\">1) Pers\u00f6nliche Assistenz als Sachleistung<\/h3>\n\n\n<div class=\"wp-block-image\">\n<figure class=\"aligncenter size-full is-resized\"><img loading=\"lazy\" decoding=\"async\" width=\"418\" height=\"302\" src=\"https:\/\/assistenz-erklaert.de\/wp-content\/uploads\/2024\/07\/Ueberschrift-hinzufuegen-3.png\" alt=\"\" class=\"wp-image-2503\" style=\"width:435px;height:auto\" srcset=\"https:\/\/assistenz-erklaert.de\/wp-content\/uploads\/2024\/07\/Ueberschrift-hinzufuegen-3.png 418w, https:\/\/assistenz-erklaert.de\/wp-content\/uploads\/2024\/07\/Ueberschrift-hinzufuegen-3-300x217.png 300w\" sizes=\"(max-width: 418px) 100vw, 418px\" \/><\/figure><\/div>\n\n\n<p>Man kann die Assistenz als Sachleistung beziehen. Das bedeutet, man erh\u00e4lt kein Geld vom Kostentr\u00e4ger. Stattdessen erh\u00e4lt man die Unterst\u00fctzung, die man braucht, zum Beispiel durch einen Pflegedienst. Der Pflegedienst und damit auch die Assistenzperson wird direkt vom Kostentr\u00e4ger bezahlt. Man muss sich also nicht um die Organisation und Bezahlung der Assistenz k\u00fcmmern.<\/p>\n\n\n\n<p>\u00dcber unsere <a href=\"https:\/\/assistenz-erklaert.de\/de\/vernetzung\/vernetzungskarte\/\" data-type=\"page\" data-id=\"73\">Vernetzungskarte<\/a> kannst du regionale Anlaufstellen f\u00fcr Beratung zu Pflegediensten finden.<\/p>\n\n\n\n<h3 class=\"wp-block-heading\">2) Pers\u00f6nliche Assistenz \u00fcber das Pers\u00f6nliche Budget<\/h3>\n\n\n\n<figure class=\"wp-block-image size-full is-resized\"><img loading=\"lazy\" decoding=\"async\" width=\"595\" height=\"418\" src=\"https:\/\/assistenz-erklaert.de\/wp-content\/uploads\/2024\/07\/Ueberschrift-hinzufuegen-4.png\" alt=\"\" class=\"wp-image-2507\" style=\"width:714px;height:auto\" srcset=\"https:\/\/assistenz-erklaert.de\/wp-content\/uploads\/2024\/07\/Ueberschrift-hinzufuegen-4.png 595w, https:\/\/assistenz-erklaert.de\/wp-content\/uploads\/2024\/07\/Ueberschrift-hinzufuegen-4-300x211.png 300w\" sizes=\"(max-width: 595px) 100vw, 595px\" \/><\/figure>\n\n\n\n<p><a id=\"_msocom_1\"><\/a><\/p>\n\n\n<p>Man kann f\u00fcr die Finanzierung der Assistenz eine Geldleistung beziehen. Das nennt man Pers\u00f6nliches Budget. Mit dem Pers\u00f6nlichen Budget kann man Assistenzen finanzieren. (Man darf keine anderen Ausgaben damit t\u00e4tigen, es ist zweckgebunden.) Man kann mit dem Geld also entweder einen Pflegedienst bezahlen, damit er Assistenzkr\u00e4fte stellt \u2013 oder man kann Assistenzkr\u00e4fte selbst anstellen. In jedem Fall tr\u00e4gt man selbst die Verantwortung f\u00fcr die Bezahlung der Assistentinnen und Assistenten. Aber man kann selbst entscheiden, wer f\u00fcr einen arbeitet und wann.<\/p>\n<p>Es ist jedoch nur m\u00f6glich, das Pers\u00f6nliche Budget zu erhalten, wenn man Anspruch auf Teilhabeleistungen hat. Wenn man sich f\u00fcr das Pers\u00f6nliche Budget entscheidet, ist es ratsam, sich vorher beraten zu lassen.<\/p>\n<\/p>","protected":false},"excerpt":{"rendered":"<div class=\"entry-summary\">\nEs gibt zwei verschiedene M\u00f6glichkeiten Pers\u00f6nliche Assistenz in Anspruch zu nehmen: 1) Pers\u00f6nliche Assistenz als Sachleistung Man kann die Assistenz als Sachleistung beziehen. Das bedeutet, man erh\u00e4lt kein Geld vom Kostentr\u00e4ger. Stattdessen erh\u00e4lt man die Unterst\u00fctzung, die man braucht, zum&hellip;\n<\/div>\n<div class=\"link-more\"><a href=\"https:\/\/assistenz-erklaert.de\/de\/wege-zur-persoenlichen-assistenz\/\" class=\"more-link\">Continue reading<span class=\"screen-reader-text\"> &ldquo;Wege zur Pers\u00f6nlichen Assistenz&rdquo;<\/span>&hellip;<\/a><\/div>\n","protected":false},"author":5,"featured_media":0,"parent":0,"menu_order":0,"comment_status":"closed","ping_status":"closed","template":"","meta":{"_acf_changed":false,"_de_post_content":"<!-- wp:paragraph -->\n<p><\/p>\n<!-- \/wp:paragraph -->\n\n<!-- wp:heading -->\n<h2 class=\"wp-block-heading\">Es gibt zwei verschiedene M\u00f6glichkeiten Pers\u00f6nliche Assistenz in Anspruch zu nehmen:<\/h2>\n<!-- \/wp:heading -->\n\n<!-- wp:heading {\"level\":3} -->\n<h3 class=\"wp-block-heading\">1) Pers\u00f6nliche Assistenz als Sachleistung<\/h3>\n<!-- \/wp:heading -->\n\n<!-- wp:image {\"id\":2503,\"width\":\"435px\",\"height\":\"auto\",\"sizeSlug\":\"full\",\"linkDestination\":\"none\",\"align\":\"center\"} -->\n<figure class=\"wp-block-image aligncenter size-full is-resized\"><img src=\"https:\/\/assistenz-erklaert.de\/wp-content\/uploads\/2024\/07\/Ueberschrift-hinzufuegen-3.png\" alt=\"\" class=\"wp-image-2503\" style=\"width:435px;height:auto\"\/><\/figure>\n<!-- \/wp:image -->\n\n<!-- wp:paragraph -->\n<p>Man kann die Assistenz als Sachleistung beziehen. Das bedeutet, man erh\u00e4lt kein Geld vom Kostentr\u00e4ger. Stattdessen erh\u00e4lt man die Unterst\u00fctzung, die man braucht, zum Beispiel durch einen Pflegedienst. Der Pflegedienst und damit auch die Assistenzperson wird direkt vom Kostentr\u00e4ger bezahlt. Man muss sich also nicht um die Organisation und Bezahlung der Assistenz k\u00fcmmern.<\/p>\n<!-- \/wp:paragraph -->\n\n<!-- wp:paragraph -->\n<p>\u00dcber unsere <a href=\"https:\/\/assistenz-erklaert.de\/de\/vernetzung\/vernetzungskarte\/\" data-type=\"page\" data-id=\"73\">Vernetzungskarte<\/a> kannst du regionale Anlaufstellen f\u00fcr Beratung zu Pflegediensten finden.<\/p>\n<!-- \/wp:paragraph -->\n\n<!-- wp:heading {\"level\":3} -->\n<h3 class=\"wp-block-heading\">2) Pers\u00f6nliche Assistenz \u00fcber das Pers\u00f6nliche Budget<\/h3>\n<!-- \/wp:heading -->\n\n<!-- wp:image {\"id\":2507,\"width\":\"714px\",\"height\":\"auto\",\"sizeSlug\":\"full\",\"linkDestination\":\"none\"} -->\n<figure class=\"wp-block-image size-full is-resized\"><img src=\"https:\/\/assistenz-erklaert.de\/wp-content\/uploads\/2024\/07\/Ueberschrift-hinzufuegen-4.png\" alt=\"\" class=\"wp-image-2507\" style=\"width:714px;height:auto\"\/><\/figure>\n<!-- \/wp:image -->\n\n<!-- wp:paragraph -->\n<p><a id=\"_msocom_1\"><\/a><\/p>\n<!-- \/wp:paragraph -->\n\n<p>Man kann f\u00fcr die Finanzierung der Assistenz eine Geldleistung beziehen. Das nennt man Pers\u00f6nliches Budget. Mit dem Pers\u00f6nlichen Budget kann man Assistenzen finanzieren. (Man darf keine anderen Ausgaben damit t\u00e4tigen, es ist zweckgebunden.) Man kann mit dem Geld also entweder einen Pflegedienst bezahlen, damit er Assistenzkr\u00e4fte stellt \u2013 oder man kann Assistenzkr\u00e4fte selbst anstellen. In jedem Fall tr\u00e4gt man selbst die Verantwortung f\u00fcr die Bezahlung der Assistentinnen und Assistenten. Aber man kann selbst entscheiden, wer f\u00fcr einen arbeitet und wann.<\/p>\n<p>Es ist jedoch nur m\u00f6glich, das Pers\u00f6nliche Budget zu erhalten, wenn man Anspruch auf Teilhabeleistungen hat. Wenn man sich f\u00fcr das Pers\u00f6nliche Budget entscheidet, ist es ratsam, sich vorher beraten zu lassen.<\/p>\n<\/p>","_de_post_name":"wege-zur-persoenlichen-assistenz","_de_post_excerpt":"","_de_post_title":"Wege zur Pers\u00f6nlichen Assistenz","edit_language":"de","footnotes":""},"acf":[],"_links":{"self":[{"href":"https:\/\/assistenz-erklaert.de\/de\/wp-json\/wp\/v2\/pages\/2491"}],"collection":[{"href":"https:\/\/assistenz-erklaert.de\/de\/wp-json\/wp\/v2\/pages"}],"about":[{"href":"https:\/\/assistenz-erklaert.de\/de\/wp-json\/wp\/v2\/types\/page"}],"author":[{"embeddable":true,"href":"https:\/\/assistenz-erklaert.de\/de\/wp-json\/wp\/v2\/users\/5"}],"replies":[{"embeddable":true,"href":"https:\/\/assistenz-erklaert.de\/de\/wp-json\/wp\/v2\/comments?post=2491"}],"version-history":[{"count":16,"href":"https:\/\/assistenz-erklaert.de\/de\/wp-json\/wp\/v2\/pages\/2491\/revisions"}],"predecessor-version":[{"id":2533,"href":"https:\/\/assistenz-erklaert.de\/de\/wp-json\/wp\/v2\/pages\/2491\/revisions\/2533"}],"wp:attachment":[{"href":"https:\/\/assistenz-erklaert.de\/de\/wp-json\/wp\/v2\/media?parent=2491"}],"curies":[{"name":"wp","href":"https:\/\/api.w.org\/{rel}","templated":true}]}}