{"id":47,"date":"2023-05-20T10:02:19","date_gmt":"2023-05-20T08:02:19","guid":{"rendered":"https:\/\/assistenz.pxbox.eu\/?page_id=47"},"modified":"2024-07-11T17:05:29","modified_gmt":"2024-07-11T15:05:29","slug":"assistenznehmer-2","status":"publish","type":"page","link":"https:\/\/assistenz-erklaert.de\/de\/assistenznehmer-2\/","title":{"rendered":"Ich ben\u00f6tige Assistenz"},"content":{"rendered":"\n<h2><p>Wer kann Assistenznehmer sein?<\/p><\/h2>\n\n\n\n<p>Assistenznehmer sind Menschen, die die Dienste der pers\u00f6nlichen Assistenz in Anspruch nehmen. Sie k\u00f6nnen unterschiedliche Hintergr\u00fcnde, Bed\u00fcrfnisse und Lebenssituationen haben. Wichtig sind hierbei:<\/p>\n\n\n\n<ol>\n<li><strong>Individuelle Bed\u00fcrfnisse:<\/strong> Assistenznehmer haben individuelle Bed\u00fcrfnisse und Anforderungen, die von der pers\u00f6nlichen Assistenz erf\u00fcllt werden sollen. Das k\u00f6nnen k\u00f6rperliche Unterst\u00fctzung, Hilfe bei der Mobilit\u00e4t, bei der Kommunikation oder bei der Bew\u00e4ltigung des Alltags sein. Die pers\u00f6nliche Assistenz richtet sich nach den spezifischen Bed\u00fcrfnissen jedes einzelnen Assistenznehmers.<\/li>\n\n\n\n<li><strong>Selbstbestimmung und Autonomie: <\/strong>Assistenznehmer haben das Recht auf Selbstbestimmung und Autonomie. Die pers\u00f6nliche Assistenz zielt darauf ab, ihnen die n\u00f6tige Unterst\u00fctzung zu bieten, damit sie ihr Leben nach ihren eigenen W\u00fcnschen und Vorstellungen gestalten k\u00f6nnen. Assistenznehmer sollten in Entscheidungen einbezogen werden und die Kontrolle \u00fcber ihre eigene Assistenz behalten.<\/li>\n\n\n\n<li><strong>Partnerschaftliche Beziehung:<\/strong> Die Beziehung zwischen Assistenznehmer und pers\u00f6nlichem Assistenten basiert auf Partnerschaft und Vertrauen. Assistenznehmer sollten sich sicher und respektiert f\u00fchlen, w\u00e4hrend pers\u00f6nliche Assistenten die Bed\u00fcrfnisse und W\u00fcnsche der Assistenznehmer verstehen und darauf eingehen.<\/li>\n\n\n\n<li><strong>Zielgerichtete Unterst\u00fctzung: <\/strong>Die pers\u00f6nliche Assistenz konzentriert sich darauf, Assistenznehmer dabei zu unterst\u00fctzen, ihre individuellen Ziele und Ziele im Leben zu erreichen. Dies kann den Zugang zu Bildung, beruflichen M\u00f6glichkeiten, sozialen Aktivit\u00e4ten oder pers\u00f6nlicher Entwicklung umfassen. Die Unterst\u00fctzung ist darauf ausgerichtet, die Lebensqualit\u00e4t der Assistenznehmer zu verbessern.<\/li>\n<\/ol>\n\n\n\n<p>Es ist wichtig zu beachten, dass die pers\u00f6nliche Assistenz auf die Bed\u00fcrfnisse und W\u00fcnsche der Assistenznehmer zugeschnitten ist. Jeder Assistenznehmer ist einzigartig und verdient eine individuelle und respektvolle Unterst\u00fctzung, die es ihnen erm\u00f6glicht, ein selbstbestimmtes und erf\u00fclltes Leben zu f\u00fchren.<\/p>\n\n\n\n<ul>\n<li><a href=\"https:\/\/assistenz.pxbox.eu\/vorausetzungen\/\">Voraussetzungen f\u00fcr pers\u00f6nliche Assistenz<\/a><\/li>\n\n\n\n<li><a href=\"https:\/\/assistenz.pxbox.eu\/wie-wird-persoenliche-assistenz-bezahlt\/\">Wie wird pers\u00f6nliche Assistenz bezahlt?<\/a><\/li>\n\n\n\n<li><a href=\"https:\/\/assistenz.pxbox.eu\/alles-rund-um-das-persoenliche-budget\/\">Was ist ein pers\u00f6nliches Budget?<\/a><\/li>\n\n\n\n<li>Die richtige Kommunikation zwischen Assistenzgeber und Assistenznehmer<\/li>\n\n\n\n<li><a href=\"https:\/\/assistenz.pxbox.eu\/rechtliches\/\">Gesetzliche Regelung<\/a><\/li>\n\n\n\n<li>Beratungsangebote<\/li>\n<\/ul>\n\n\n\n<p><\/p>\n","protected":false},"excerpt":{"rendered":"<div class=\"entry-summary\">\nWer kann Assistenznehmer sein? Assistenznehmer sind Menschen, die die Dienste der pers\u00f6nlichen Assistenz in Anspruch nehmen. Sie k\u00f6nnen unterschiedliche Hintergr\u00fcnde, Bed\u00fcrfnisse und Lebenssituationen haben. Wichtig sind hierbei: Es ist wichtig zu beachten, dass die pers\u00f6nliche Assistenz auf die Bed\u00fcrfnisse und&hellip;\n<\/div>\n<div class=\"link-more\"><a href=\"https:\/\/assistenz-erklaert.de\/de\/assistenznehmer-2\/\" class=\"more-link\">Continue reading<span class=\"screen-reader-text\"> &ldquo;Ich ben\u00f6tige Assistenz&rdquo;<\/span>&hellip;<\/a><\/div>\n","protected":false},"author":1,"featured_media":0,"parent":0,"menu_order":1,"comment_status":"closed","ping_status":"closed","template":"","meta":{"_acf_changed":false,"_de_post_content":"<!-- wp:html -->\n<h2><p>Wer kann Assistenznehmer sein?<\/p><\/h2>\n<!-- \/wp:html -->\n\n<!-- wp:paragraph -->\n<p>Assistenznehmer sind Menschen, die die Dienste der pers\u00f6nlichen Assistenz in Anspruch nehmen. Sie k\u00f6nnen unterschiedliche Hintergr\u00fcnde, Bed\u00fcrfnisse und Lebenssituationen haben. Wichtig sind hierbei:<\/p>\n<!-- \/wp:paragraph -->\n\n<!-- wp:list {\"ordered\":true} -->\n<ol><!-- wp:list-item -->\n<li><strong>Individuelle Bed\u00fcrfnisse:<\/strong> Assistenznehmer haben individuelle Bed\u00fcrfnisse und Anforderungen, die von der pers\u00f6nlichen Assistenz erf\u00fcllt werden sollen. Das k\u00f6nnen k\u00f6rperliche Unterst\u00fctzung, Hilfe bei der Mobilit\u00e4t, bei der Kommunikation oder bei der Bew\u00e4ltigung des Alltags sein. Die pers\u00f6nliche Assistenz richtet sich nach den spezifischen Bed\u00fcrfnissen jedes einzelnen Assistenznehmers.<\/li>\n<!-- \/wp:list-item -->\n\n<!-- wp:list-item -->\n<li><strong>Selbstbestimmung und Autonomie: <\/strong>Assistenznehmer haben das Recht auf Selbstbestimmung und Autonomie. Die pers\u00f6nliche Assistenz zielt darauf ab, ihnen die n\u00f6tige Unterst\u00fctzung zu bieten, damit sie ihr Leben nach ihren eigenen W\u00fcnschen und Vorstellungen gestalten k\u00f6nnen. Assistenznehmer sollten in Entscheidungen einbezogen werden und die Kontrolle \u00fcber ihre eigene Assistenz behalten.<\/li>\n<!-- \/wp:list-item -->\n\n<!-- wp:list-item -->\n<li><strong>Partnerschaftliche Beziehung:<\/strong> Die Beziehung zwischen Assistenznehmer und pers\u00f6nlichem Assistenten basiert auf Partnerschaft und Vertrauen. Assistenznehmer sollten sich sicher und respektiert f\u00fchlen, w\u00e4hrend pers\u00f6nliche Assistenten die Bed\u00fcrfnisse und W\u00fcnsche der Assistenznehmer verstehen und darauf eingehen.<\/li>\n<!-- \/wp:list-item -->\n\n<!-- wp:list-item -->\n<li><strong>Zielgerichtete Unterst\u00fctzung: <\/strong>Die pers\u00f6nliche Assistenz konzentriert sich darauf, Assistenznehmer dabei zu unterst\u00fctzen, ihre individuellen Ziele und Ziele im Leben zu erreichen. Dies kann den Zugang zu Bildung, beruflichen M\u00f6glichkeiten, sozialen Aktivit\u00e4ten oder pers\u00f6nlicher Entwicklung umfassen. Die Unterst\u00fctzung ist darauf ausgerichtet, die Lebensqualit\u00e4t der Assistenznehmer zu verbessern.<\/li>\n<!-- \/wp:list-item --><\/ol>\n<!-- \/wp:list -->\n\n<!-- wp:paragraph -->\n<p>Es ist wichtig zu beachten, dass die pers\u00f6nliche Assistenz auf die Bed\u00fcrfnisse und W\u00fcnsche der Assistenznehmer zugeschnitten ist. Jeder Assistenznehmer ist einzigartig und verdient eine individuelle und respektvolle Unterst\u00fctzung, die es ihnen erm\u00f6glicht, ein selbstbestimmtes und erf\u00fclltes Leben zu f\u00fchren.<\/p>\n<!-- \/wp:paragraph -->\n\n<!-- wp:list -->\n<ul><!-- wp:list-item -->\n<li><a href=\"https:\/\/assistenz.pxbox.eu\/vorausetzungen\/\">Voraussetzungen f\u00fcr pers\u00f6nliche Assistenz<\/a><\/li>\n<!-- \/wp:list-item -->\n\n<!-- wp:list-item -->\n<li><a href=\"https:\/\/assistenz.pxbox.eu\/wie-wird-persoenliche-assistenz-bezahlt\/\">Wie wird pers\u00f6nliche Assistenz bezahlt?<\/a><\/li>\n<!-- \/wp:list-item -->\n\n<!-- wp:list-item -->\n<li><a href=\"https:\/\/assistenz.pxbox.eu\/alles-rund-um-das-persoenliche-budget\/\">Was ist ein pers\u00f6nliches Budget?<\/a><\/li>\n<!-- \/wp:list-item -->\n\n<!-- wp:list-item -->\n<li>Die richtige Kommunikation zwischen Assistenzgeber und Assistenznehmer<\/li>\n<!-- \/wp:list-item -->\n\n<!-- wp:list-item -->\n<li><a href=\"https:\/\/assistenz.pxbox.eu\/rechtliches\/\">Gesetzliche Regelung<\/a><\/li>\n<!-- \/wp:list-item -->\n\n<!-- wp:list-item -->\n<li>Beratungsangebote<\/li>\n<!-- \/wp:list-item --><\/ul>\n<!-- \/wp:list -->\n\n<!-- wp:paragraph -->\n<p><\/p>\n<!-- \/wp:paragraph -->","_de_post_name":"assistenznehmer-2","_de_post_excerpt":"","_de_post_title":"Ich ben\u00f6tige Assistenz","edit_language":"de","footnotes":""},"acf":[],"_links":{"self":[{"href":"https:\/\/assistenz-erklaert.de\/de\/wp-json\/wp\/v2\/pages\/47"}],"collection":[{"href":"https:\/\/assistenz-erklaert.de\/de\/wp-json\/wp\/v2\/pages"}],"about":[{"href":"https:\/\/assistenz-erklaert.de\/de\/wp-json\/wp\/v2\/types\/page"}],"author":[{"embeddable":true,"href":"https:\/\/assistenz-erklaert.de\/de\/wp-json\/wp\/v2\/users\/1"}],"replies":[{"embeddable":true,"href":"https:\/\/assistenz-erklaert.de\/de\/wp-json\/wp\/v2\/comments?post=47"}],"version-history":[{"count":3,"href":"https:\/\/assistenz-erklaert.de\/de\/wp-json\/wp\/v2\/pages\/47\/revisions"}],"predecessor-version":[{"id":2603,"href":"https:\/\/assistenz-erklaert.de\/de\/wp-json\/wp\/v2\/pages\/47\/revisions\/2603"}],"wp:attachment":[{"href":"https:\/\/assistenz-erklaert.de\/de\/wp-json\/wp\/v2\/media?parent=47"}],"curies":[{"name":"wp","href":"https:\/\/api.w.org\/{rel}","templated":true}]}}