{"id":57,"date":"2023-05-20T10:50:32","date_gmt":"2023-05-20T08:50:32","guid":{"rendered":"https:\/\/assistenz.pxbox.eu\/?page_id=57"},"modified":"2023-07-17T12:32:05","modified_gmt":"2023-07-17T10:32:05","slug":"vernetzung","status":"publish","type":"page","link":"https:\/\/assistenz-erklaert.de\/de\/vernetzung\/","title":{"rendered":"Jobs &#038; Vernetzung"},"content":{"rendered":"\n<p><strong>Zusammen erreicht man mehr!<\/strong> <br>Deinen neuen Job in der Assistenz findest du vielleicht in den <a href=\"https:\/\/assistenz-erklaert.de\/de\/vernetzung\/stellenangebote\/\"><strong>Stellenangeboten<\/strong><\/a> unserer Meta-Jobb\u00f6rse. Oder du findest Verst\u00e4rkung f\u00fcr dein eigenes Assistenzteam in unseren <a href=\"https:\/\/assistenz-erklaert.de\/de\/vernetzung\/stellengesuche\/\"><strong>Stellengesuchen<\/strong><\/a>. Nichts gefunden? Dann schau doch mal hier zu unserer <strong><a href=\"https:\/\/assistenz-erklaert.de\/de\/vernetzung\/jobboersen\/\">\u00dcbersicht der J\u00f6bb\u00f6rsen<\/a><\/strong>, ob du f\u00fcndig wirst. <\/p>\n\n\n\n<p>Dar\u00fcber hinaus findest du viele Ansprechpersonen und relavante Organisationen zum Thema Assistenz in unserer <strong><a href=\"https:\/\/assistenz-erklaert.de\/de\/vernetzung\/vernetzungskarte\/\">Netzwerkkarte<\/a><\/strong>.<\/p>\n\n\n\n<p><\/p>\n","protected":false},"excerpt":{"rendered":"<div class=\"entry-summary\">\nZusammen erreicht man mehr! Deinen neuen Job in der Assistenz findest du vielleicht in den Stellenangeboten unserer Meta-Jobb\u00f6rse. Oder du findest Verst\u00e4rkung f\u00fcr dein eigenes Assistenzteam in unseren Stellengesuchen. Nichts gefunden? Dann schau doch mal hier zu unserer \u00dcbersicht der&hellip;\n<\/div>\n<div class=\"link-more\"><a href=\"https:\/\/assistenz-erklaert.de\/de\/vernetzung\/\" class=\"more-link\">Continue reading<span class=\"screen-reader-text\"> &ldquo;Jobs &#038; Vernetzung&rdquo;<\/span>&hellip;<\/a><\/div>\n","protected":false},"author":1,"featured_media":0,"parent":0,"menu_order":3,"comment_status":"closed","ping_status":"closed","template":"","meta":{"_acf_changed":false,"_de_post_content":"<!-- wp:paragraph -->\n<p><strong>Zusammen erreicht man mehr!<\/strong> <br>Deinen neuen Job in der Assistenz findest du vielleicht in den <a href=\"https:\/\/assistenz-erklaert.de\/de\/vernetzung\/stellenangebote\/\"><strong>Stellenangeboten<\/strong><\/a> unserer Meta-Jobb\u00f6rse. Oder du findest Verst\u00e4rkung f\u00fcr dein eigenes Assistenzteam in unseren <a href=\"https:\/\/assistenz-erklaert.de\/de\/vernetzung\/stellengesuche\/\"><strong>Stellengesuchen<\/strong><\/a>. Nichts gefunden? Dann schau doch mal hier zu unserer <strong><a href=\"https:\/\/assistenz-erklaert.de\/de\/vernetzung\/jobboersen\/\">\u00dcbersicht der J\u00f6bb\u00f6rsen<\/a><\/strong>, ob du f\u00fcndig wirst. <\/p>\n<!-- \/wp:paragraph -->\n\n<!-- wp:paragraph -->\n<p>Dar\u00fcber hinaus findest du viele Ansprechpersonen und relavante Organisationen zum Thema Assistenz in unserer <strong><a href=\"https:\/\/assistenz-erklaert.de\/de\/vernetzung\/vernetzungskarte\/\">Netzwerkkarte<\/a><\/strong>.<\/p>\n<!-- \/wp:paragraph -->\n\n<!-- wp:paragraph -->\n<p><\/p>\n<!-- \/wp:paragraph -->","_de_post_name":"vernetzung","_de_post_excerpt":"","_de_post_title":"Jobs & Vernetzung","edit_language":"de","footnotes":""},"acf":[],"_links":{"self":[{"href":"https:\/\/assistenz-erklaert.de\/de\/wp-json\/wp\/v2\/pages\/57"}],"collection":[{"href":"https:\/\/assistenz-erklaert.de\/de\/wp-json\/wp\/v2\/pages"}],"about":[{"href":"https:\/\/assistenz-erklaert.de\/de\/wp-json\/wp\/v2\/types\/page"}],"author":[{"embeddable":true,"href":"https:\/\/assistenz-erklaert.de\/de\/wp-json\/wp\/v2\/users\/1"}],"replies":[{"embeddable":true,"href":"https:\/\/assistenz-erklaert.de\/de\/wp-json\/wp\/v2\/comments?post=57"}],"version-history":[{"count":4,"href":"https:\/\/assistenz-erklaert.de\/de\/wp-json\/wp\/v2\/pages\/57\/revisions"}],"predecessor-version":[{"id":2209,"href":"https:\/\/assistenz-erklaert.de\/de\/wp-json\/wp\/v2\/pages\/57\/revisions\/2209"}],"wp:attachment":[{"href":"https:\/\/assistenz-erklaert.de\/de\/wp-json\/wp\/v2\/media?parent=57"}],"curies":[{"name":"wp","href":"https:\/\/api.w.org\/{rel}","templated":true}]}}