{"id":63,"date":"2023-05-20T10:54:23","date_gmt":"2023-05-20T08:54:23","guid":{"rendered":"https:\/\/assistenz.pxbox.eu\/?page_id=63"},"modified":"2024-05-16T16:18:50","modified_gmt":"2024-05-16T14:18:50","slug":"jobboersen-2","status":"publish","type":"page","link":"https:\/\/assistenz-erklaert.de\/de\/vernetzung\/jobboersen-2\/","title":{"rendered":"Jobb\u00f6rsen"},"content":{"rendered":"\n<p>Es gibt f\u00fcr den deutschsprachigen Raum verschiedene Jobb\u00f6rsen, die Gesuche und Angebote f\u00fcr pers\u00f6nliche Assistenz listen. Unsere <strong>Meta-Jobb\u00f6rse<\/strong> sucht die Inserate aus verschiedenen B\u00f6rsen zusammen. Klicke daf\u00fcr im Men\u00fc einfach auf Angebot und Gesuche.<\/p>\n\n\n\n<p>Die folgenden Jobb\u00f6rsen sind die gr\u00f6\u00dften im deutschsprachigen Raum. Es inserieren hier vor allem Assistenznehmer (pers\u00f6nliches Budget). Aber es geben auch Assistenzkr\u00e4fte Gesuche auf. Diese Seiten sind <strong>\u00fcberregional<\/strong>.<\/p>\n\n\n\n<ul>\n<li><a href=\"https:\/\/assistenztreff.de\">https:\/\/assistenztreff.de<\/a><\/li>\n\n\n\n<li><a href=\"https:\/\/assistenzboerse.de\">https:\/\/assistenzboerse.de<\/a><\/li>\n\n\n\n<li><a href=\"https:\/\/www.assistenzjobonline.de\">https:\/\/www.assistenzjobonline.de<\/a><\/li>\n\n\n\n<li><a href=\"https:\/\/www.assistenz.org\/jobs.html\">https:\/\/www.assistenz.org\/jobs.html<\/a><\/li>\n<\/ul>\n\n\n\n<p>Daneben gibt es regionale Jobb\u00f6rsen. Eine Jobb\u00f6rse explizit f\u00fcr <strong>M\u00fcnchen<\/strong> findest du <a rel=\"noreferrer noopener\" href=\"https:\/\/www.persoenliche-assistenz.de\/de\/persoenliche-assistenz\" target=\"_blank\">hier<\/a>. Allerdings finden sich auf anderen Jobb\u00f6rsen ebenfalls Inserate f\u00fcr M\u00fcnchen. Gleiches gilt f\u00fcr <a href=\"https:\/\/www.persoenliche-assistenz-berlin.de\/\">diese<\/a> Jobb\u00f6rse aus <strong>Berlin<\/strong>.<\/p>\n\n\n\n<p>Es gibt auch Assistenzdienstleister. Diese Stellen Assistenzkr\u00e4fte ein und haben den Assistenznehmer als Klienten. Beispiele hierf\u00fcr sind <a href=\"http:\/\/Es gibt auch Assistenzdienstleister. Diese Stellen Assistenzkr\u00e4fte ein und haben den Assistenznehmer als Klienten. Beispiele hierf\u00fcr sind futura Berlin, meine-assistenz.de oder ziemlich-beste-assistenten.de , https:\/\/www.meine-assistenz.de\/ oder futura Berlin https:\/\/www.futura-berlin.de\/jobs-assistendienst-fur-behinderte-menschen\/\">futura Berlin<\/a>, <a href=\"https:\/\/www.meine-assistenz.de\/assistentinnen\/\">meine-assistenz.de<\/a> oder <a href=\"https:\/\/www.ziemlich-beste-assistenten.de\/jobs\/\">ziemlich-beste-assistenten.de<\/a>.<\/p>\n\n\n\n<p>Einige Assistenznehmer suchen ihre Assistenzkr\u00e4fte \u00fcber die <a href=\"https:\/\/www.arbeitsagentur.de\/\"><strong>Agentur f\u00fcr Arbeit<\/strong><\/a>. Die Plattform <a href=\"https:\/\/www.kleinanzeigen.de\/\">kleinanzeigen.de<\/a> oder lokale <strong>Kleinanzeigen<\/strong> und Zeitungsinserate sowie <strong>Schwarze Bretter<\/strong> sind ebenfalls Orte, wo sich Stellenanzeigen f\u00fcr pers\u00f6nliche Assistenz finden lassen.<\/p>\n","protected":false},"excerpt":{"rendered":"<div class=\"entry-summary\">\nEs gibt f\u00fcr den deutschsprachigen Raum verschiedene Jobb\u00f6rsen, die Gesuche und Angebote f\u00fcr pers\u00f6nliche Assistenz listen. Unsere Meta-Jobb\u00f6rse sucht die Inserate aus verschiedenen B\u00f6rsen zusammen. Klicke daf\u00fcr im Men\u00fc einfach auf Angebot und Gesuche. Die folgenden Jobb\u00f6rsen sind die gr\u00f6\u00dften&hellip;\n<\/div>\n<div class=\"link-more\"><a href=\"https:\/\/assistenz-erklaert.de\/de\/vernetzung\/jobboersen-2\/\" class=\"more-link\">Continue reading<span class=\"screen-reader-text\"> &ldquo;Jobb\u00f6rsen&rdquo;<\/span>&hellip;<\/a><\/div>\n","protected":false},"author":1,"featured_media":0,"parent":57,"menu_order":0,"comment_status":"closed","ping_status":"closed","template":"","meta":{"_acf_changed":false,"_de_post_content":"<!-- wp:paragraph -->\n<p>Es gibt f\u00fcr den deutschsprachigen Raum verschiedene Jobb\u00f6rsen, die Gesuche und Angebote f\u00fcr pers\u00f6nliche Assistenz listen. Unsere <strong>Meta-Jobb\u00f6rse<\/strong> sucht die Inserate aus verschiedenen B\u00f6rsen zusammen. Klicke daf\u00fcr im Men\u00fc einfach auf Angebot und Gesuche.<\/p>\n<!-- \/wp:paragraph -->\n\n<!-- wp:paragraph -->\n<p>Die folgenden Jobb\u00f6rsen sind die gr\u00f6\u00dften im deutschsprachigen Raum. Es inserieren hier vor allem Assistenznehmer (pers\u00f6nliches Budget). Aber es geben auch Assistenzkr\u00e4fte Gesuche auf. Diese Seiten sind <strong>\u00fcberregional<\/strong>.<\/p>\n<!-- \/wp:paragraph -->\n\n<!-- wp:list -->\n<ul><!-- wp:list-item -->\n<li><a href=\"https:\/\/assistenztreff.de\">https:\/\/assistenztreff.de<\/a><\/li>\n<!-- \/wp:list-item -->\n\n<!-- wp:list-item -->\n<li><a href=\"https:\/\/assistenzboerse.de\">https:\/\/assistenzboerse.de<\/a><\/li>\n<!-- \/wp:list-item -->\n\n<!-- wp:list-item -->\n<li><a href=\"https:\/\/www.assistenzjobonline.de\">https:\/\/www.assistenzjobonline.de<\/a><\/li>\n<!-- \/wp:list-item -->\n\n<!-- wp:list-item -->\n<li><a href=\"https:\/\/www.assistenz.org\/jobs.html\">https:\/\/www.assistenz.org\/jobs.html<\/a><\/li>\n<!-- \/wp:list-item --><\/ul>\n<!-- \/wp:list -->\n\n<!-- wp:paragraph -->\n<p>Daneben gibt es regionale Jobb\u00f6rsen. Eine Jobb\u00f6rse explizit f\u00fcr <strong>M\u00fcnchen<\/strong> findest du <a rel=\"noreferrer noopener\" href=\"https:\/\/www.persoenliche-assistenz.de\/de\/persoenliche-assistenz\" target=\"_blank\">hier<\/a>. Allerdings finden sich auf anderen Jobb\u00f6rsen ebenfalls Inserate f\u00fcr M\u00fcnchen. Gleiches gilt f\u00fcr <a href=\"https:\/\/www.persoenliche-assistenz-berlin.de\/\">diese<\/a> Jobb\u00f6rse aus <strong>Berlin<\/strong>.<\/p>\n<!-- \/wp:paragraph -->\n\n<!-- wp:paragraph -->\n<p>Es gibt auch Assistenzdienstleister. Diese Stellen Assistenzkr\u00e4fte ein und haben den Assistenznehmer als Klienten. Beispiele hierf\u00fcr sind <a href=\"http:\/\/Es gibt auch Assistenzdienstleister. Diese Stellen Assistenzkr\u00e4fte ein und haben den Assistenznehmer als Klienten. Beispiele hierf\u00fcr sind futura Berlin, meine-assistenz.de oder ziemlich-beste-assistenten.de , https:\/\/www.meine-assistenz.de\/ oder futura Berlin https:\/\/www.futura-berlin.de\/jobs-assistendienst-fur-behinderte-menschen\/\">futura Berlin<\/a>, <a href=\"https:\/\/www.meine-assistenz.de\/assistentinnen\/\">meine-assistenz.de<\/a> oder <a href=\"https:\/\/www.ziemlich-beste-assistenten.de\/jobs\/\">ziemlich-beste-assistenten.de<\/a>.<\/p>\n<!-- \/wp:paragraph -->\n\n<!-- wp:paragraph -->\n<p>Einige Assistenznehmer suchen ihre Assistenzkr\u00e4fte \u00fcber die <a href=\"https:\/\/www.arbeitsagentur.de\/\"><strong>Agentur f\u00fcr Arbeit<\/strong><\/a>. Die Plattform <a href=\"https:\/\/www.kleinanzeigen.de\/\">kleinanzeigen.de<\/a> oder lokale <strong>Kleinanzeigen<\/strong> und Zeitungsinserate sowie <strong>Schwarze Bretter<\/strong> sind ebenfalls Orte, wo sich Stellenanzeigen f\u00fcr pers\u00f6nliche Assistenz finden lassen.<\/p>\n<!-- \/wp:paragraph -->","_de_post_name":"jobboersen-2","_de_post_excerpt":"","_de_post_title":"Jobb\u00f6rsen","edit_language":"de","footnotes":""},"acf":[],"_links":{"self":[{"href":"https:\/\/assistenz-erklaert.de\/de\/wp-json\/wp\/v2\/pages\/63"}],"collection":[{"href":"https:\/\/assistenz-erklaert.de\/de\/wp-json\/wp\/v2\/pages"}],"about":[{"href":"https:\/\/assistenz-erklaert.de\/de\/wp-json\/wp\/v2\/types\/page"}],"author":[{"embeddable":true,"href":"https:\/\/assistenz-erklaert.de\/de\/wp-json\/wp\/v2\/users\/1"}],"replies":[{"embeddable":true,"href":"https:\/\/assistenz-erklaert.de\/de\/wp-json\/wp\/v2\/comments?post=63"}],"version-history":[{"count":34,"href":"https:\/\/assistenz-erklaert.de\/de\/wp-json\/wp\/v2\/pages\/63\/revisions"}],"predecessor-version":[{"id":2265,"href":"https:\/\/assistenz-erklaert.de\/de\/wp-json\/wp\/v2\/pages\/63\/revisions\/2265"}],"up":[{"embeddable":true,"href":"https:\/\/assistenz-erklaert.de\/de\/wp-json\/wp\/v2\/pages\/57"}],"wp:attachment":[{"href":"https:\/\/assistenz-erklaert.de\/de\/wp-json\/wp\/v2\/media?parent=63"}],"curies":[{"name":"wp","href":"https:\/\/api.w.org\/{rel}","templated":true}]}}