{"id":73,"date":"2023-05-20T10:58:14","date_gmt":"2023-05-20T08:58:14","guid":{"rendered":"https:\/\/assistenz.pxbox.eu\/?page_id=73"},"modified":"2023-07-17T09:38:29","modified_gmt":"2023-07-17T07:38:29","slug":"vernetzungskarte","status":"publish","type":"page","link":"https:\/\/assistenz-erklaert.de\/de\/vernetzung\/vernetzungskarte\/","title":{"rendered":"Vernetzungskarte"},"content":{"rendered":"\n<p>Diese Karte soll einen \u00dcberblick \u00fcber EUTB-Beratungsstellen, ISL-Zentren und Assistenzdienstleister u.v.m. in Deutschland bieten, welche sich mit pers\u00f6nlicher Assistenz auseinandersetzen.<\/p>\n\n\n\n<iframe loading=\"lazy\" src=\"https:\/\/www.google.com\/maps\/d\/u\/2\/embed?mid=1xcHzltIDVtTIp65WXW7Y-mbnpb9SUDg&amp;ehbc=2E312F\" width=\"1600\" height=\"900\"><\/iframe>\n","protected":false},"excerpt":{"rendered":"<div class=\"entry-summary\">\nDiese Karte soll einen \u00dcberblick \u00fcber EUTB-Beratungsstellen, ISL-Zentren und Assistenzdienstleister u.v.m. in Deutschland bieten, welche sich mit pers\u00f6nlicher Assistenz auseinandersetzen.\n<\/div>\n<div class=\"link-more\"><a href=\"https:\/\/assistenz-erklaert.de\/de\/vernetzung\/vernetzungskarte\/\" class=\"more-link\">Continue reading<span class=\"screen-reader-text\"> &ldquo;Vernetzungskarte&rdquo;<\/span>&hellip;<\/a><\/div>\n","protected":false},"author":1,"featured_media":0,"parent":57,"menu_order":0,"comment_status":"closed","ping_status":"closed","template":"","meta":{"_acf_changed":false,"_de_post_content":"<!-- wp:paragraph -->\n<p>Diese Karte soll einen \u00dcberblick \u00fcber EUTB-Beratungsstellen, ISL-Zentren und Assistenzdienstleister u.v.m. in Deutschland bieten, welche sich mit pers\u00f6nlicher Assistenz auseinandersetzen.<\/p>\n<!-- \/wp:paragraph -->\n\n<!-- wp:html -->\n<iframe src=\"https:\/\/www.google.com\/maps\/d\/u\/2\/embed?mid=1xcHzltIDVtTIp65WXW7Y-mbnpb9SUDg&amp;ehbc=2E312F\" width=\"1600\" height=\"900\"><\/iframe>\n<!-- \/wp:html -->","_de_post_name":"vernetzungskarte","_de_post_excerpt":"","_de_post_title":"Vernetzungskarte","edit_language":"de","footnotes":""},"acf":[],"_links":{"self":[{"href":"https:\/\/assistenz-erklaert.de\/de\/wp-json\/wp\/v2\/pages\/73"}],"collection":[{"href":"https:\/\/assistenz-erklaert.de\/de\/wp-json\/wp\/v2\/pages"}],"about":[{"href":"https:\/\/assistenz-erklaert.de\/de\/wp-json\/wp\/v2\/types\/page"}],"author":[{"embeddable":true,"href":"https:\/\/assistenz-erklaert.de\/de\/wp-json\/wp\/v2\/users\/1"}],"replies":[{"embeddable":true,"href":"https:\/\/assistenz-erklaert.de\/de\/wp-json\/wp\/v2\/comments?post=73"}],"version-history":[{"count":9,"href":"https:\/\/assistenz-erklaert.de\/de\/wp-json\/wp\/v2\/pages\/73\/revisions"}],"predecessor-version":[{"id":2213,"href":"https:\/\/assistenz-erklaert.de\/de\/wp-json\/wp\/v2\/pages\/73\/revisions\/2213"}],"up":[{"embeddable":true,"href":"https:\/\/assistenz-erklaert.de\/de\/wp-json\/wp\/v2\/pages\/57"}],"wp:attachment":[{"href":"https:\/\/assistenz-erklaert.de\/de\/wp-json\/wp\/v2\/media?parent=73"}],"curies":[{"name":"wp","href":"https:\/\/api.w.org\/{rel}","templated":true}]}}