{"id":80,"date":"2023-05-20T14:14:01","date_gmt":"2023-05-20T12:14:01","guid":{"rendered":"https:\/\/assistenz.pxbox.eu\/?page_id=80"},"modified":"2023-07-16T21:46:08","modified_gmt":"2023-07-16T19:46:08","slug":"arbeitgebermodell","status":"publish","type":"page","link":"https:\/\/assistenz-erklaert.de\/de\/assistenzgeber\/arbeitgebermodell\/","title":{"rendered":"Arbeitgebermodell"},"content":{"rendered":"\n<h2><p><strong>Was bedeutet pers\u00f6nliches Budget im Arbeitgeber-Modell?<\/strong><\/p><\/h2>\n\n\n\n<p>Durch das pers\u00f6nliche Budget k\u00f6nnen Sie selbst zum Arbeitgeber oder zur Arbeitgeberin werden. Sie stellen Assistentinnen und Assistenten ein, bezahlen sie, erstellen Dienstpl\u00e4ne und zahlen Sozialversicherungsbeitr\u00e4ge \u2013 \u00e4hnlich wie ein Arbeitgeber oder eine Arbeitgeberin.<\/p>\n\n\n\n<p>F\u00fcr viele Menschen mit Behinderung ist es ein befreiendes Gef\u00fchl, selbst Arbeitgeber oder Arbeitgeberin zu sein. Dadurch sind sie weniger abh\u00e4ngig und k\u00f6nnen mehr Entscheidungen treffen. Als Arbeitgeber oder Arbeitgeberin haben sie die M\u00f6glichkeit, die Assistentinnen und Assistenten nach ihren eigenen Vorstellungen auszuw\u00e4hlen. Zum Beispiel m\u00f6chten manche Frauen mit Behinderung ausschlie\u00dflich weibliche Assistentinnen haben, und das k\u00f6nnen sie dann umsetzen.<\/p>\n\n\n\n<p>Wenn die Zusammenarbeit mit einer Assistentin oder einem Assistenten nicht funktioniert, besteht auch die M\u00f6glichkeit, sie oder ihn zu k\u00fcndigen.<\/p>\n\n\n\n<p>Die Rolle als Arbeitgeber oder Arbeitgeberin st\u00e4rkt das Selbstbewusstsein vieler Menschen mit Behinderung. Sie k\u00f6nnen beispielsweise besser bestimmen, wie die Assistenz ausgestaltet sein soll. Denn die Person mit Behinderung ist der Chef oder die Chefin.<\/p>\n\n\n\n<p>Allerdings m\u00fcssen Sie als Arbeitgeber oder Arbeitgeberin auch einige Aufgaben selbst erledigen, wie beispielsweise die Suche nach neuem Personal, das F\u00fchren von Vorstellungsgespr\u00e4chen, den Abschluss von Arbeitsvertr\u00e4gen und die Buchhaltung. Es ist wichtig, die Rechte und Pflichten sowohl Ihrerseits als auch Ihrer Assistentinnen und Assistenten zu kennen.<\/p>\n\n\n\n<p>Wenn Sie unsicher sind, ob Sie das schaffen, k\u00f6nnen Sie Beratung und Unterst\u00fctzung in Anspruch nehmen. Es gibt viele Behindertenverb\u00e4nde, Sozialverb\u00e4nde und Vereine, die Beratung und Unterst\u00fctzung anbieten. Auch Budgetassistentinnen und -assistenten k\u00f6nnen eine L\u00f6sung sein.<\/p>\n\n\n\n<h2><p><strong>Lohngestaltung<\/strong><\/p><\/h2>\n\n\n\n<p>Wer als Assistenznehmer das Arbeitgeber-Modell w\u00e4hlt hat automatisch einige Verpflichtungen. Neben der Bezahlung der Assistenzgeber, geh\u00f6ren noch einige andere Aufgaben zu Verpflichtungen. Im Folgenden erl\u00e4utern wir einige relevante Themen, und versuchen diese anschaulich aufzubereiten oder verweisen \u00fcber Links auf andere Websiten, die einzelne Themen gut aufbereitet haben.<\/p>\n\n\n\n<h3><p><strong>Lohnabrechnungs-Software<\/strong><\/p><\/h3>\n\n\n\n<p>Seitdem gerichtlich festgestellt wurde, das Steuerberaterkosten von den Kostentr\u00e4gern \u00fcbernommen werden m\u00fcssen, ist es sehr empfehlenswert die Lohnabrechnung von einem Steuerberater abwickeln zu lassen. <br>Wer die Abrechnung dennoch selbst \u00fcbernehmen will kann eine der beiden folgenden Varianten nutzen:<\/p>\n\n\n\n<ol>\n<li><a rel=\"noreferrer noopener\" href=\"https:\/\/shop.lexware.de\/lohnabrechnung-gehaltsabrechnung\" target=\"_blank\">Lexware<\/a>, um die Lohnabrechnung lokal auf dem eigenen Computer vorzunehmen<\/li>\n\n\n\n<li><a rel=\"noreferrer noopener\" href=\"https:\/\/www.sage.com\/de-de\/sage-business-cloud\/lohnabrechnung\/\" target=\"_blank\">Sage One Lohn &amp; Gehalt<\/a>, um die Lohnabrechnung remote auf einem zentralen Computer durchzuf\u00fchren<\/li>\n<\/ol>\n\n\n\n<h3><p><strong>Gehaltsrechner<\/strong><\/p><\/h3>\n\n\n\n<p>Mit diesem <a rel=\"noreferrer noopener\" href=\"https:\/\/www.nettolohn.de\/\" target=\"_blank\">Gehaltsrechner<\/a> kannst du ganz einfach den Netto- als auch den Bruttolohn berechnen.<br>F\u00fcr sogenannte Midijobs, die im Bereich von 520,01Euro bis 2.000Euro liegen, gibt es einen <a href=\"https:\/\/www.ihre-vorsorge.de\/rechner\/midijob-rechner\" target=\"_blank\" rel=\"noreferrer noopener\">Midijobrechner<\/a>.<\/p>\n\n\n\n<h3><p><strong>Kostenersatz f\u00fcr Assistenzgeber-Verpflegung<\/strong><\/p><\/h3>\n\n\n\n<p>Wenn Assistenzgeber Mahlzeiten gestellt bekommen, handelt es sich um Gegensatz zu Unterkunftskosten um einen geldwerten Vorteil. Wenn die assistenzgebende Person diese Mahlzeiten nicht bezahlt, muss diese bei der Lohnabrechnung mit dem sogenannten &#8222;Sachbezugswert&#8220; mit Steuern und Sozialversicherungsbeitr\u00e4gen belegt werden. Da der Arbeitgeber hier Anteile \u00fcbernehmen muss, wird die Verpflegung um ca. 20% teurer. <br>Da das Forum selbstbestimmter Assistenz behinderter Menschen (ForseA) davon ausgeht, dass Kostentr\u00e4ger die \u00dcbernahme solcher Kosten verweigern, wird empfohlen, das Assistent*innen die Mahlzeiten selbst bezahlen.<br>Um Preisverhandlungen zu vermeide, sollte man sich auf folgende Sachbezugswerte verst\u00e4ndigen. Diese werden j\u00e4hrlich vom Gesetzgeber aktualisiert und sind damit von der Einlussnahme der Beteiligten befreit.<\/p>\n\n\n\n<figure class=\"wp-block-table\"><table><tbody><tr><td><strong>Jahr<\/strong><\/td><td><strong>Fr\u00fchst\u00fcck in Euro<\/strong><\/td><td><strong>Mittag &amp; Abendessen jeweils in Euro<\/strong><\/td><td><strong>Gesamt in Euro<\/strong><\/td><\/tr><tr><td>2023<\/td><td>2,00<\/td><td>3,80<\/td><td>9,60<\/td><\/tr><tr><td>2022<\/td><td>1,87<\/td><td>3,57<\/td><td>9,00<\/td><\/tr><tr><td>2021<\/td><td>1,83<\/td><td>3,47<\/td><td>8,77<\/td><\/tr><tr><td>2020<\/td><td>1,80<\/td><td>3,40<\/td><td>8,60<\/td><\/tr><\/tbody><\/table><figcaption class=\"wp-element-caption\">Sachbezugswerte f\u00fcr Mahlzeiten von Assistent*innen<\/figcaption><\/figure>\n\n\n\n<h3><p><strong>Tarifl\u00f6hne<\/strong><\/p><\/h3>\n\n\n\n<p>Alles zum Thema Tarifl\u00f6hnen findest du von der der ForseA sehr anschaulich aufbereitet unter diesem Link: <br><a href=\"http:\/\/forsea.de\/content-166-tarifloehne.html\">http:\/\/forsea.de\/content-166-tarifloehne.html<\/a><br><\/p>\n","protected":false},"excerpt":{"rendered":"<div class=\"entry-summary\">\nWas bedeutet pers\u00f6nliches Budget im Arbeitgeber-Modell? Durch das pers\u00f6nliche Budget k\u00f6nnen Sie selbst zum Arbeitgeber oder zur Arbeitgeberin werden. Sie stellen Assistentinnen und Assistenten ein, bezahlen sie, erstellen Dienstpl\u00e4ne und zahlen Sozialversicherungsbeitr\u00e4ge \u2013 \u00e4hnlich wie ein Arbeitgeber oder eine Arbeitgeberin.&hellip;\n<\/div>\n<div class=\"link-more\"><a href=\"https:\/\/assistenz-erklaert.de\/de\/assistenzgeber\/arbeitgebermodell\/\" class=\"more-link\">Continue reading<span class=\"screen-reader-text\"> &ldquo;Arbeitgebermodell&rdquo;<\/span>&hellip;<\/a><\/div>\n","protected":false},"author":1,"featured_media":0,"parent":93,"menu_order":0,"comment_status":"closed","ping_status":"closed","template":"","meta":{"_acf_changed":false,"_de_post_content":"<!-- wp:html -->\n<h2><p><strong>Was bedeutet pers\u00f6nliches Budget im Arbeitgeber-Modell?<\/strong><\/p><\/h2>\n<!-- \/wp:html -->\n\n<!-- wp:paragraph -->\n<p>Durch das pers\u00f6nliche Budget k\u00f6nnen Sie selbst zum Arbeitgeber oder zur Arbeitgeberin werden. Sie stellen Assistentinnen und Assistenten ein, bezahlen sie, erstellen Dienstpl\u00e4ne und zahlen Sozialversicherungsbeitr\u00e4ge \u2013 \u00e4hnlich wie ein Arbeitgeber oder eine Arbeitgeberin.<\/p>\n<!-- \/wp:paragraph -->\n\n<!-- wp:paragraph -->\n<p>F\u00fcr viele Menschen mit Behinderung ist es ein befreiendes Gef\u00fchl, selbst Arbeitgeber oder Arbeitgeberin zu sein. Dadurch sind sie weniger abh\u00e4ngig und k\u00f6nnen mehr Entscheidungen treffen. Als Arbeitgeber oder Arbeitgeberin haben sie die M\u00f6glichkeit, die Assistentinnen und Assistenten nach ihren eigenen Vorstellungen auszuw\u00e4hlen. Zum Beispiel m\u00f6chten manche Frauen mit Behinderung ausschlie\u00dflich weibliche Assistentinnen haben, und das k\u00f6nnen sie dann umsetzen.<\/p>\n<!-- \/wp:paragraph -->\n\n<!-- wp:paragraph -->\n<p>Wenn die Zusammenarbeit mit einer Assistentin oder einem Assistenten nicht funktioniert, besteht auch die M\u00f6glichkeit, sie oder ihn zu k\u00fcndigen.<\/p>\n<!-- \/wp:paragraph -->\n\n<!-- wp:paragraph -->\n<p>Die Rolle als Arbeitgeber oder Arbeitgeberin st\u00e4rkt das Selbstbewusstsein vieler Menschen mit Behinderung. Sie k\u00f6nnen beispielsweise besser bestimmen, wie die Assistenz ausgestaltet sein soll. Denn die Person mit Behinderung ist der Chef oder die Chefin.<\/p>\n<!-- \/wp:paragraph -->\n\n<!-- wp:paragraph -->\n<p>Allerdings m\u00fcssen Sie als Arbeitgeber oder Arbeitgeberin auch einige Aufgaben selbst erledigen, wie beispielsweise die Suche nach neuem Personal, das F\u00fchren von Vorstellungsgespr\u00e4chen, den Abschluss von Arbeitsvertr\u00e4gen und die Buchhaltung. Es ist wichtig, die Rechte und Pflichten sowohl Ihrerseits als auch Ihrer Assistentinnen und Assistenten zu kennen.<\/p>\n<!-- \/wp:paragraph -->\n\n<!-- wp:paragraph -->\n<p>Wenn Sie unsicher sind, ob Sie das schaffen, k\u00f6nnen Sie Beratung und Unterst\u00fctzung in Anspruch nehmen. Es gibt viele Behindertenverb\u00e4nde, Sozialverb\u00e4nde und Vereine, die Beratung und Unterst\u00fctzung anbieten. Auch Budgetassistentinnen und -assistenten k\u00f6nnen eine L\u00f6sung sein.<\/p>\n<!-- \/wp:paragraph -->\n\n<!-- wp:html -->\n<h2><p><strong>Lohngestaltung<\/strong><\/p><\/h2>\n<!-- \/wp:html -->\n\n<!-- wp:paragraph -->\n<p>Wer als Assistenznehmer das Arbeitgeber-Modell w\u00e4hlt hat automatisch einige Verpflichtungen. Neben der Bezahlung der Assistenzgeber, geh\u00f6ren noch einige andere Aufgaben zu Verpflichtungen. Im Folgenden erl\u00e4utern wir einige relevante Themen, und versuchen diese anschaulich aufzubereiten oder verweisen \u00fcber Links auf andere Websiten, die einzelne Themen gut aufbereitet haben.<\/p>\n<!-- \/wp:paragraph -->\n\n<!-- wp:html -->\n<h3><p><strong>Lohnabrechnungs-Software<\/strong><\/p><\/h3>\n<!-- \/wp:html -->\n\n<!-- wp:paragraph -->\n<p>Seitdem gerichtlich festgestellt wurde, das Steuerberaterkosten von den Kostentr\u00e4gern \u00fcbernommen werden m\u00fcssen, ist es sehr empfehlenswert die Lohnabrechnung von einem Steuerberater abwickeln zu lassen. <br>Wer die Abrechnung dennoch selbst \u00fcbernehmen will kann eine der beiden folgenden Varianten nutzen:<\/p>\n<!-- \/wp:paragraph -->\n\n<!-- wp:list {\"ordered\":true} -->\n<ol><!-- wp:list-item -->\n<li><a rel=\"noreferrer noopener\" href=\"https:\/\/shop.lexware.de\/lohnabrechnung-gehaltsabrechnung\" target=\"_blank\">Lexware<\/a>, um die Lohnabrechnung lokal auf dem eigenen Computer vorzunehmen<\/li>\n<!-- \/wp:list-item -->\n\n<!-- wp:list-item -->\n<li><a rel=\"noreferrer noopener\" href=\"https:\/\/www.sage.com\/de-de\/sage-business-cloud\/lohnabrechnung\/\" target=\"_blank\">Sage One Lohn &amp; Gehalt<\/a>, um die Lohnabrechnung remote auf einem zentralen Computer durchzuf\u00fchren<\/li>\n<!-- \/wp:list-item --><\/ol>\n<!-- \/wp:list -->\n\n<!-- wp:html -->\n<h3><p><strong>Gehaltsrechner<\/strong><\/p><\/h3>\n<!-- \/wp:html -->\n\n<!-- wp:paragraph -->\n<p>Mit diesem <a rel=\"noreferrer noopener\" href=\"https:\/\/www.nettolohn.de\/\" target=\"_blank\">Gehaltsrechner<\/a> kannst du ganz einfach den Netto- als auch den Bruttolohn berechnen.<br>F\u00fcr sogenannte Midijobs, die im Bereich von 520,01Euro bis 2.000Euro liegen, gibt es einen <a href=\"https:\/\/www.ihre-vorsorge.de\/rechner\/midijob-rechner\" target=\"_blank\" rel=\"noreferrer noopener\">Midijobrechner<\/a>.<\/p>\n<!-- \/wp:paragraph -->\n\n<!-- wp:html -->\n<h3><p><strong>Kostenersatz f\u00fcr Assistenzgeber-Verpflegung<\/strong><\/p><\/h3>\n<!-- \/wp:html -->\n\n<!-- wp:paragraph -->\n<p>Wenn Assistenzgeber Mahlzeiten gestellt bekommen, handelt es sich um Gegensatz zu Unterkunftskosten um einen geldwerten Vorteil. Wenn die assistenzgebende Person diese Mahlzeiten nicht bezahlt, muss diese bei der Lohnabrechnung mit dem sogenannten \"Sachbezugswert\" mit Steuern und Sozialversicherungsbeitr\u00e4gen belegt werden. Da der Arbeitgeber hier Anteile \u00fcbernehmen muss, wird die Verpflegung um ca. 20% teurer. <br>Da das Forum selbstbestimmter Assistenz behinderter Menschen (ForseA) davon ausgeht, dass Kostentr\u00e4ger die \u00dcbernahme solcher Kosten verweigern, wird empfohlen, das Assistent*innen die Mahlzeiten selbst bezahlen.<br>Um Preisverhandlungen zu vermeide, sollte man sich auf folgende Sachbezugswerte verst\u00e4ndigen. Diese werden j\u00e4hrlich vom Gesetzgeber aktualisiert und sind damit von der Einlussnahme der Beteiligten befreit.<\/p>\n<!-- \/wp:paragraph -->\n\n<!-- wp:table -->\n<figure class=\"wp-block-table\"><table><tbody><tr><td><strong>Jahr<\/strong><\/td><td><strong>Fr\u00fchst\u00fcck in Euro<\/strong><\/td><td><strong>Mittag &amp; Abendessen jeweils in Euro<\/strong><\/td><td><strong>Gesamt in Euro<\/strong><\/td><\/tr><tr><td>2023<\/td><td>2,00<\/td><td>3,80<\/td><td>9,60<\/td><\/tr><tr><td>2022<\/td><td>1,87<\/td><td>3,57<\/td><td>9,00<\/td><\/tr><tr><td>2021<\/td><td>1,83<\/td><td>3,47<\/td><td>8,77<\/td><\/tr><tr><td>2020<\/td><td>1,80<\/td><td>3,40<\/td><td>8,60<\/td><\/tr><\/tbody><\/table><figcaption class=\"wp-element-caption\">Sachbezugswerte f\u00fcr Mahlzeiten von Assistent*innen<\/figcaption><\/figure>\n<!-- \/wp:table -->\n\n<!-- wp:html -->\n<h3><p><strong>Tarifl\u00f6hne<\/strong><\/p><\/h3>\n<!-- \/wp:html -->\n\n<!-- wp:paragraph -->\n<p>Alles zum Thema Tarifl\u00f6hnen findest du von der der ForseA sehr anschaulich aufbereitet unter diesem Link: <br><a href=\"http:\/\/forsea.de\/content-166-tarifloehne.html\">http:\/\/forsea.de\/content-166-tarifloehne.html<\/a><br><\/p>\n<!-- \/wp:paragraph -->","_de_post_name":"arbeitgebermodell","_de_post_excerpt":"","_de_post_title":"Arbeitgebermodell","edit_language":"de","footnotes":""},"acf":[],"_links":{"self":[{"href":"https:\/\/assistenz-erklaert.de\/de\/wp-json\/wp\/v2\/pages\/80"}],"collection":[{"href":"https:\/\/assistenz-erklaert.de\/de\/wp-json\/wp\/v2\/pages"}],"about":[{"href":"https:\/\/assistenz-erklaert.de\/de\/wp-json\/wp\/v2\/types\/page"}],"author":[{"embeddable":true,"href":"https:\/\/assistenz-erklaert.de\/de\/wp-json\/wp\/v2\/users\/1"}],"replies":[{"embeddable":true,"href":"https:\/\/assistenz-erklaert.de\/de\/wp-json\/wp\/v2\/comments?post=80"}],"version-history":[{"count":4,"href":"https:\/\/assistenz-erklaert.de\/de\/wp-json\/wp\/v2\/pages\/80\/revisions"}],"predecessor-version":[{"id":2195,"href":"https:\/\/assistenz-erklaert.de\/de\/wp-json\/wp\/v2\/pages\/80\/revisions\/2195"}],"up":[{"embeddable":true,"href":"https:\/\/assistenz-erklaert.de\/de\/wp-json\/wp\/v2\/pages\/93"}],"wp:attachment":[{"href":"https:\/\/assistenz-erklaert.de\/de\/wp-json\/wp\/v2\/media?parent=80"}],"curies":[{"name":"wp","href":"https:\/\/api.w.org\/{rel}","templated":true}]}}